{"id":6473,"date":"2023-07-13T16:34:46","date_gmt":"2023-07-13T14:34:46","guid":{"rendered":"https:\/\/agrarpetrovic.rs\/?post_type=product&#038;p=6473"},"modified":"2023-07-13T16:34:57","modified_gmt":"2023-07-13T14:34:57","slug":"epic-f1-patlidzan","status":"publish","type":"product","link":"https:\/\/agrarpetrovic.rs\/en\/proizvod\/epic-f1-patlidzan\/","title":{"rendered":"Epic\u00a0F1 &#8211; Patlid\u017ean"},"content":{"rendered":"<p>&nbsp;<\/p>\n<p><span class=\"x-dropcap\">E<\/span>pic F1 je hibrid plavog patlid\u017eana namenjen za glavnu sezonu. Biljke su sna\u017ene, brzog porasta, visine oko 90cm, dobro prilago\u0111ene na\u0161im klimatskim uslovima. Plodovi su u obliku suze, tamno purpurno do crne boje sa prose\u010dnom te\u017einom oko 400g. Dimenzije ploda se 22x10cm. U na\u0161im uslovima je ve\u0107 vi\u0161e godina za redom davao visok prinos, sa ujedna\u010denim plodovima najvi\u0161e klase.<\/p>\n<p>Rezistencija: ToMV (virus mozaika paradajza)<\/p>","protected":false},"excerpt":{"rendered":"<p>Naziv hibrida: Bonica F1<br \/>\nRanostasnost: XXX<br \/>\nOblik ploda:Okruglo-ovalan<br \/>\nBoja ploda:Tamno ljubi\u010dasta<br \/>\nIzgled biljke:Sna\u017ena robusna<br \/>\nDu\u017eina ploda (cm): 22&#215;10<br \/>\nNa\u010din proizvodnje: otvoreno polje, za\u0161ti\u0107en prostor<\/p>","protected":false},"featured_media":6508,"template":"","meta":[],"product_brand":[],"product_cat":[354,349,335],"product_tag":[],"class_list":{"0":"post-6473","1":"product","2":"type-product","3":"status-publish","4":"has-post-thumbnail","6":"product_cat-seme-patlidzana","7":"product_cat-seme-povrca","8":"product_cat-semenska-roba","10":"first","11":"instock","12":"shipping-taxable","13":"product-type-simple"},"_links":{"self":[{"href":"https:\/\/agrarpetrovic.rs\/en\/wp-json\/wp\/v2\/product\/6473","targetHints":{"allow":["GET"]}}],"collection":[{"href":"https:\/\/agrarpetrovic.rs\/en\/wp-json\/wp\/v2\/product"}],"about":[{"href":"https:\/\/agrarpetrovic.rs\/en\/wp-json\/wp\/v2\/types\/product"}],"wp:featuredmedia":[{"embeddable":true,"href":"https:\/\/agrarpetrovic.rs\/en\/wp-json\/wp\/v2\/media\/6508"}],"wp:attachment":[{"href":"https:\/\/agrarpetrovic.rs\/en\/wp-json\/wp\/v2\/media?parent=6473"}],"wp:term":[{"taxonomy":"product_brand","embeddable":true,"href":"https:\/\/agrarpetrovic.rs\/en\/wp-json\/wp\/v2\/product_brand?post=6473"},{"taxonomy":"product_cat","embeddable":true,"href":"https:\/\/agrarpetrovic.rs\/en\/wp-json\/wp\/v2\/product_cat?post=6473"},{"taxonomy":"product_tag","embeddable":true,"href":"https:\/\/agrarpetrovic.rs\/en\/wp-json\/wp\/v2\/product_tag?post=6473"}],"curies":[{"name":"wp","href":"https:\/\/api.w.org\/{rel}","templated":true}]}}