{"id":6475,"date":"2023-07-13T16:34:46","date_gmt":"2023-07-13T14:34:46","guid":{"rendered":"https:\/\/agrarpetrovic.rs\/?post_type=product&#038;p=6475"},"modified":"2023-07-13T16:35:00","modified_gmt":"2023-07-13T14:35:00","slug":"belladonna-f1-paprika","status":"publish","type":"product","link":"https:\/\/agrarpetrovic.rs\/en\/proizvod\/belladonna-f1-paprika\/","title":{"rendered":"Belladonna F1 &#8211; Paprika"},"content":{"rendered":"<p>Belladonna F1 je vrlo rana, kockasta, svetlo \u017euta, slatka paprika. Plodovi su te\u017eine 160 \u2013 200g sa \u010detiri komore, podjednake veli\u010dine. Biljke su bujne, izrazito sna\u017enog korena i brzog porasta, odli\u010dne tolerancije na fuzarijum. Belladonna se mo\u017ee podjednako dobro gajiti u za\u0161ti\u0107enom prostoru kao i na otvorenom polju. Zbog snage biljke, sa pravilnom agrotehnikom ne usitnjava plodove u kasnijim branjima. Definitivno lider po prinosu i kvalitetu na na\u0161em tr\u017ei\u0161tu.<\/p>\n<p>Rezistencija: TO=Tobamo(Tobamovirus),virus mozaika krompira<\/p>","protected":false},"excerpt":{"rendered":"<p>Naziv hibrida:Belladonna F1<br \/>\nTip paprike: Babura<br \/>\nRanostasnost: Rana<br \/>\nBoja ploda: Svetlo \u017euta<br \/>\nBroj komora (cm): 4<br \/>\nTe\u017eina ploda: 160-200 g<br \/>\nNa\u010din proizvodnje: Za\u0161ti\u0107en prostror<\/p>","protected":false},"featured_media":6512,"template":"","meta":[],"product_brand":[],"product_cat":[351,350,335],"product_tag":[],"class_list":{"0":"post-6475","1":"product","2":"type-product","3":"status-publish","4":"has-post-thumbnail","6":"product_cat-babura","7":"product_cat-seme-paprike","8":"product_cat-semenska-roba","10":"first","11":"instock","12":"shipping-taxable","13":"product-type-simple"},"_links":{"self":[{"href":"https:\/\/agrarpetrovic.rs\/en\/wp-json\/wp\/v2\/product\/6475","targetHints":{"allow":["GET"]}}],"collection":[{"href":"https:\/\/agrarpetrovic.rs\/en\/wp-json\/wp\/v2\/product"}],"about":[{"href":"https:\/\/agrarpetrovic.rs\/en\/wp-json\/wp\/v2\/types\/product"}],"wp:featuredmedia":[{"embeddable":true,"href":"https:\/\/agrarpetrovic.rs\/en\/wp-json\/wp\/v2\/media\/6512"}],"wp:attachment":[{"href":"https:\/\/agrarpetrovic.rs\/en\/wp-json\/wp\/v2\/media?parent=6475"}],"wp:term":[{"taxonomy":"product_brand","embeddable":true,"href":"https:\/\/agrarpetrovic.rs\/en\/wp-json\/wp\/v2\/product_brand?post=6475"},{"taxonomy":"product_cat","embeddable":true,"href":"https:\/\/agrarpetrovic.rs\/en\/wp-json\/wp\/v2\/product_cat?post=6475"},{"taxonomy":"product_tag","embeddable":true,"href":"https:\/\/agrarpetrovic.rs\/en\/wp-json\/wp\/v2\/product_tag?post=6475"}],"curies":[{"name":"wp","href":"https:\/\/api.w.org\/{rel}","templated":true}]}}