{"id":6476,"date":"2023-07-13T16:34:46","date_gmt":"2023-07-13T14:34:46","guid":{"rendered":"https:\/\/agrarpetrovic.rs\/?post_type=product&#038;p=6476"},"modified":"2023-07-13T16:35:05","modified_gmt":"2023-07-13T14:35:05","slug":"kaptur-f1-paprika","status":"publish","type":"product","link":"https:\/\/agrarpetrovic.rs\/en\/proizvod\/kaptur-f1-paprika\/","title":{"rendered":"Kaptur F1 &#8211; Paprika"},"content":{"rendered":"<p><span class=\"x-dropcap\">K<\/span>aptur F1 je paprika u tipu kapije, krupnih plodova visokog kvaliteta, koji imaju dve do tri komore. U na\u0161im proizvodnim uslovima sa primenom kvalitetne tehnologije bez problema dosti\u017ee te\u017einu od preko 200g. Tokom sazrevanja prelazi iz tamno zelene u atraktivnu tamno crvenu boju. Plodovi imaju visok sadr\u017eaj suve materije i pristi\u017eu za berbu ranije od sorti u ovom tipu. Poseduje visoku toleranciju na stres i pokazala je odli\u010dno zametanje u uslovima ni\u017eih temperatura. Zahvaljuju\u0107i visokom sadr\u017eaju suve materije i vrlo debelom mesu, mo\u017ee da se \u010duva du\u017ee od standardnih sorti.<\/p>\n<p>Rezistencija: TMV L1<\/p>","protected":false},"excerpt":{"rendered":"<p>Naziv hibrida: Kaptur F1<br \/>\nTip paprike: Kapija<br \/>\nRanostasnost: Rana<br \/>\nBoja ploda: Tamno zelena<br \/>\nTe\u017eina ploda: 140-160 g<br \/>\nNa\u010din proizvodnje:Otvoreno polje, za\u0161ti\u0107en prostror<\/p>","protected":false},"featured_media":6516,"template":"","meta":[],"product_brand":[],"product_cat":[370,350,335],"product_tag":[],"class_list":{"0":"post-6476","1":"product","2":"type-product","3":"status-publish","4":"has-post-thumbnail","6":"product_cat-kapija","7":"product_cat-seme-paprike","8":"product_cat-semenska-roba","10":"first","11":"instock","12":"shipping-taxable","13":"product-type-simple"},"_links":{"self":[{"href":"https:\/\/agrarpetrovic.rs\/en\/wp-json\/wp\/v2\/product\/6476","targetHints":{"allow":["GET"]}}],"collection":[{"href":"https:\/\/agrarpetrovic.rs\/en\/wp-json\/wp\/v2\/product"}],"about":[{"href":"https:\/\/agrarpetrovic.rs\/en\/wp-json\/wp\/v2\/types\/product"}],"wp:featuredmedia":[{"embeddable":true,"href":"https:\/\/agrarpetrovic.rs\/en\/wp-json\/wp\/v2\/media\/6516"}],"wp:attachment":[{"href":"https:\/\/agrarpetrovic.rs\/en\/wp-json\/wp\/v2\/media?parent=6476"}],"wp:term":[{"taxonomy":"product_brand","embeddable":true,"href":"https:\/\/agrarpetrovic.rs\/en\/wp-json\/wp\/v2\/product_brand?post=6476"},{"taxonomy":"product_cat","embeddable":true,"href":"https:\/\/agrarpetrovic.rs\/en\/wp-json\/wp\/v2\/product_cat?post=6476"},{"taxonomy":"product_tag","embeddable":true,"href":"https:\/\/agrarpetrovic.rs\/en\/wp-json\/wp\/v2\/product_tag?post=6476"}],"curies":[{"name":"wp","href":"https:\/\/api.w.org\/{rel}","templated":true}]}}