{"id":6478,"date":"2023-07-13T16:34:47","date_gmt":"2023-07-13T14:34:47","guid":{"rendered":"https:\/\/agrarpetrovic.rs\/?post_type=product&#038;p=6478"},"modified":"2023-07-13T16:35:15","modified_gmt":"2023-07-13T14:35:15","slug":"maradonna-f1-paprika","status":"publish","type":"product","link":"https:\/\/agrarpetrovic.rs\/en\/proizvod\/maradonna-f1-paprika\/","title":{"rendered":"Maradonna\u00a0F1 &#8211; Paprika"},"content":{"rendered":"<p><span class=\"x-dropcap\">M<\/span>aradonna F1 je vrlo rani hibrid babure, kockastog oblika, svetlo \u017eute boje sa odli\u010dnom ujedna\u010deno\u0161\u0107u. Plodovi su krupni, pravilni sa \u010detiri komore, te\u017eine 170-200g i dobre \u010dvrstine. Biljka je sna\u017ena, izrazito generativna sa visokom potencijalom prinosa. Preporu\u010duje se za najraniju stakleni\u010dku i plasteni\u010dku proizvodnju.<\/p>\n<p>Rezistencija: TO=Tobamo(Tobamovirus)<\/p>","protected":false},"excerpt":{"rendered":"<p>Naziv hibrida:Maradonna F1<br \/>\nTip paprike: Babura<br \/>\nRanostasnost: Rana<br \/>\nBoja ploda: Svetlo \u017euta<br \/>\nBroj komora (cm): 4<br \/>\nTe\u017eina ploda: 170-200 g<br \/>\nNa\u010din proizvodnje: Za\u0161ti\u0107en prostor<\/p>","protected":false},"featured_media":6540,"template":"","meta":[],"product_brand":[],"product_cat":[351,350,349,335],"product_tag":[],"class_list":{"0":"post-6478","1":"product","2":"type-product","3":"status-publish","4":"has-post-thumbnail","6":"product_cat-babura","7":"product_cat-seme-paprike","8":"product_cat-seme-povrca","9":"product_cat-semenska-roba","11":"first","12":"instock","13":"shipping-taxable","14":"product-type-simple"},"_links":{"self":[{"href":"https:\/\/agrarpetrovic.rs\/en\/wp-json\/wp\/v2\/product\/6478","targetHints":{"allow":["GET"]}}],"collection":[{"href":"https:\/\/agrarpetrovic.rs\/en\/wp-json\/wp\/v2\/product"}],"about":[{"href":"https:\/\/agrarpetrovic.rs\/en\/wp-json\/wp\/v2\/types\/product"}],"wp:featuredmedia":[{"embeddable":true,"href":"https:\/\/agrarpetrovic.rs\/en\/wp-json\/wp\/v2\/media\/6540"}],"wp:attachment":[{"href":"https:\/\/agrarpetrovic.rs\/en\/wp-json\/wp\/v2\/media?parent=6478"}],"wp:term":[{"taxonomy":"product_brand","embeddable":true,"href":"https:\/\/agrarpetrovic.rs\/en\/wp-json\/wp\/v2\/product_brand?post=6478"},{"taxonomy":"product_cat","embeddable":true,"href":"https:\/\/agrarpetrovic.rs\/en\/wp-json\/wp\/v2\/product_cat?post=6478"},{"taxonomy":"product_tag","embeddable":true,"href":"https:\/\/agrarpetrovic.rs\/en\/wp-json\/wp\/v2\/product_tag?post=6478"}],"curies":[{"name":"wp","href":"https:\/\/api.w.org\/{rel}","templated":true}]}}