{"id":6479,"date":"2023-07-13T16:34:47","date_gmt":"2023-07-13T14:34:47","guid":{"rendered":"https:\/\/agrarpetrovic.rs\/?post_type=product&#038;p=6479"},"modified":"2023-07-13T16:35:16","modified_gmt":"2023-07-13T14:35:16","slug":"inferno-f1-paprika","status":"publish","type":"product","link":"https:\/\/agrarpetrovic.rs\/en\/proizvod\/inferno-f1-paprika\/","title":{"rendered":"Inferno F1 &#8211; Paprika"},"content":{"rendered":"<p><span class=\"x-dropcap\">I<\/span>nferno F1 je rani hibrid ljute paprike, jake ljutine, krupnih pravilnih plodova i vrlo visokog prinosa. Plodovi su do 23cm du\u017eine i 4cm \u0161irine, glatki i za\u0161iljeni. Boja je svetlo \u017euta a u fiziolo\u0161koj zrelosti prelazi u crvenu. Biljka je sna\u017ena sa jakim korenovim sistemom \u0161to joj omogu\u0107ava da iznese veliki broj ujedna\u010denih plodova. Prvenstveno namenjen za stakleni\u010dku i plasteni\u010dku proizvodnju ovaj izvanredan hibrid mo\u017ee da se uspe\u0161no gaji i na otvorenom polju.<\/p>","protected":false},"excerpt":{"rendered":"<p>Naziv hibrida: Inferno F1<br \/>\nTip paprike: Ljuta<br \/>\nRanostasnost: Rana<br \/>\nBoja ploda: Bledo \u017euta<br \/>\nDu\u017eina ploda (cm): 20 &#8211; 25 cm<br \/>\nTe\u017eina ploda: 100 g<br \/>\nNa\u010din proizvodnje: Za\u0161ti\u0107en prostor<\/p>","protected":false},"featured_media":6543,"template":"","meta":[],"product_brand":[],"product_cat":[353,350,335],"product_tag":[],"class_list":{"0":"post-6479","1":"product","2":"type-product","3":"status-publish","4":"has-post-thumbnail","6":"product_cat-ljuta","7":"product_cat-seme-paprike","8":"product_cat-semenska-roba","10":"first","11":"instock","12":"shipping-taxable","13":"product-type-simple"},"_links":{"self":[{"href":"https:\/\/agrarpetrovic.rs\/en\/wp-json\/wp\/v2\/product\/6479","targetHints":{"allow":["GET"]}}],"collection":[{"href":"https:\/\/agrarpetrovic.rs\/en\/wp-json\/wp\/v2\/product"}],"about":[{"href":"https:\/\/agrarpetrovic.rs\/en\/wp-json\/wp\/v2\/types\/product"}],"wp:featuredmedia":[{"embeddable":true,"href":"https:\/\/agrarpetrovic.rs\/en\/wp-json\/wp\/v2\/media\/6543"}],"wp:attachment":[{"href":"https:\/\/agrarpetrovic.rs\/en\/wp-json\/wp\/v2\/media?parent=6479"}],"wp:term":[{"taxonomy":"product_brand","embeddable":true,"href":"https:\/\/agrarpetrovic.rs\/en\/wp-json\/wp\/v2\/product_brand?post=6479"},{"taxonomy":"product_cat","embeddable":true,"href":"https:\/\/agrarpetrovic.rs\/en\/wp-json\/wp\/v2\/product_cat?post=6479"},{"taxonomy":"product_tag","embeddable":true,"href":"https:\/\/agrarpetrovic.rs\/en\/wp-json\/wp\/v2\/product_tag?post=6479"}],"curies":[{"name":"wp","href":"https:\/\/api.w.org\/{rel}","templated":true}]}}