{"id":6480,"date":"2023-07-13T16:34:47","date_gmt":"2023-07-13T14:34:47","guid":{"rendered":"https:\/\/agrarpetrovic.rs\/?post_type=product&#038;p=6480"},"modified":"2023-07-13T16:35:18","modified_gmt":"2023-07-13T14:35:18","slug":"ariadni-f1-paprika","status":"publish","type":"product","link":"https:\/\/agrarpetrovic.rs\/en\/proizvod\/ariadni-f1-paprika\/","title":{"rendered":"Ariadni F1 &#8211; Paprika"},"content":{"rendered":"<p>&nbsp;<\/p>\n<p>Ariadni\u00a0F1 je novi hibrid kapie na na\u0161em tr\u017ei\u0161tu, pogodan za proizvodnju kako u za\u0161ti\u0107enom prostoru tako i na otvorenom polju. Ovo je izuzetno interesantan hibrid za na\u0161e tr\u017ei\u0161te iz nekoliko razloga. Poseduje najbolju otpornost na bolesti i viruse u ovom segmentu. Izuzetno je adaptibilan hibrid sa odli\u010dnim rezultatima u svim uslovima proizvodnje. Plodovi prelaze iz svetlo zelene u tamno crvenu boju, tako da su pogodni za prodaju u svim fazama zrelosti. Imaju 2 ili 3 komore i prose\u010dne krupno\u0107e su od 160-200g. Biljke su sna\u017ene i kompaktne, sposobne da ponesu izuzetno visok rod vrhunskog kvaliteta. Velik procenat prve klase i visok sadr\u017eaj suve materije \u010dine ovaj hibrid odli\u010dnim izborom za sve primene.<\/p>\n<p>Rezistencija: Tm:0-2<\/p>","protected":false},"excerpt":{"rendered":"<p>Naziv hibrida: Ariadni F1<br \/>\nTip paprike: Kapija<br \/>\nRanostasnost: Rana<br \/>\nBoja ploda: Bledo \u017euta<br \/>\nBroj komora (cm): 2-3<br \/>\nTe\u017eina ploda: 160 &#8211; 200 g<br \/>\nNa\u010din proizvodnje: Za\u0161ti\u0107en prostor<\/p>","protected":false},"featured_media":6545,"template":"","meta":[],"product_brand":[],"product_cat":[370,350,349,335],"product_tag":[],"class_list":{"0":"post-6480","1":"product","2":"type-product","3":"status-publish","4":"has-post-thumbnail","6":"product_cat-kapija","7":"product_cat-seme-paprike","8":"product_cat-seme-povrca","9":"product_cat-semenska-roba","11":"first","12":"instock","13":"shipping-taxable","14":"product-type-simple"},"_links":{"self":[{"href":"https:\/\/agrarpetrovic.rs\/en\/wp-json\/wp\/v2\/product\/6480","targetHints":{"allow":["GET"]}}],"collection":[{"href":"https:\/\/agrarpetrovic.rs\/en\/wp-json\/wp\/v2\/product"}],"about":[{"href":"https:\/\/agrarpetrovic.rs\/en\/wp-json\/wp\/v2\/types\/product"}],"wp:featuredmedia":[{"embeddable":true,"href":"https:\/\/agrarpetrovic.rs\/en\/wp-json\/wp\/v2\/media\/6545"}],"wp:attachment":[{"href":"https:\/\/agrarpetrovic.rs\/en\/wp-json\/wp\/v2\/media?parent=6480"}],"wp:term":[{"taxonomy":"product_brand","embeddable":true,"href":"https:\/\/agrarpetrovic.rs\/en\/wp-json\/wp\/v2\/product_brand?post=6480"},{"taxonomy":"product_cat","embeddable":true,"href":"https:\/\/agrarpetrovic.rs\/en\/wp-json\/wp\/v2\/product_cat?post=6480"},{"taxonomy":"product_tag","embeddable":true,"href":"https:\/\/agrarpetrovic.rs\/en\/wp-json\/wp\/v2\/product_tag?post=6480"}],"curies":[{"name":"wp","href":"https:\/\/api.w.org\/{rel}","templated":true}]}}