{"id":6481,"date":"2023-07-13T16:34:47","date_gmt":"2023-07-13T14:34:47","guid":{"rendered":"https:\/\/agrarpetrovic.rs\/?post_type=product&#038;p=6481"},"modified":"2023-07-13T16:35:19","modified_gmt":"2023-07-13T14:35:19","slug":"bucharest-f1-kupus","status":"publish","type":"product","link":"https:\/\/agrarpetrovic.rs\/en\/proizvod\/bucharest-f1-kupus\/","title":{"rendered":"Bucharest\u00a0F1  &#8211; Kupus"},"content":{"rendered":"<p>&nbsp;<\/p>\n<p><span class=\"x-dropcap\">B<\/span>ucharest F1 je kupus namenjen za letnju i jesenju proizvodnju. Krupno\u0107a glavica je 2-3kg, a du\u017eina vegetacije je oko 80 dana. Glavice su srednje zbijene, li\u0161\u0107e je tanko i potpuno obavija glavicu. Koren glavice je vrlo kratak. Ima odli\u010dnu sposobnost \u010duvanja na polju a glavice zadr\u017eavaju svoju veli\u010dinu \u010dak iako se zakasni sa berbom. Preporu\u010dljiv je za sve\u017eu potro\u0161nju, a i odli\u010dno se kiseli kao cela glavica.<\/p>\n<p>Rezistencija: Fusarium, Xanthomonas<\/p>","protected":false},"excerpt":{"rendered":"<p>Ime hibrida: <span class=\"x-dropcap\">B<\/span>ucharest F1<\/p>\n<p>Du\u017eina vegetacije: oko 80 dana<\/p>\n<p>Masa glavice: 2-3 kg<\/p>\n<p>Sve\u017ea potro\u0161nja, ki\u0161eljenje<\/p>\n<p>&nbsp;<\/p>","protected":false},"featured_media":6550,"template":"","meta":[],"product_brand":[],"product_cat":[372,335,373],"product_tag":[],"class_list":{"0":"post-6481","1":"product","2":"type-product","3":"status-publish","4":"has-post-thumbnail","6":"product_cat-seme-kupusa","7":"product_cat-semenska-roba","8":"product_cat-zeleni-kupus","10":"first","11":"instock","12":"shipping-taxable","13":"product-type-simple"},"_links":{"self":[{"href":"https:\/\/agrarpetrovic.rs\/en\/wp-json\/wp\/v2\/product\/6481","targetHints":{"allow":["GET"]}}],"collection":[{"href":"https:\/\/agrarpetrovic.rs\/en\/wp-json\/wp\/v2\/product"}],"about":[{"href":"https:\/\/agrarpetrovic.rs\/en\/wp-json\/wp\/v2\/types\/product"}],"wp:featuredmedia":[{"embeddable":true,"href":"https:\/\/agrarpetrovic.rs\/en\/wp-json\/wp\/v2\/media\/6550"}],"wp:attachment":[{"href":"https:\/\/agrarpetrovic.rs\/en\/wp-json\/wp\/v2\/media?parent=6481"}],"wp:term":[{"taxonomy":"product_brand","embeddable":true,"href":"https:\/\/agrarpetrovic.rs\/en\/wp-json\/wp\/v2\/product_brand?post=6481"},{"taxonomy":"product_cat","embeddable":true,"href":"https:\/\/agrarpetrovic.rs\/en\/wp-json\/wp\/v2\/product_cat?post=6481"},{"taxonomy":"product_tag","embeddable":true,"href":"https:\/\/agrarpetrovic.rs\/en\/wp-json\/wp\/v2\/product_tag?post=6481"}],"curies":[{"name":"wp","href":"https:\/\/api.w.org\/{rel}","templated":true}]}}