{"id":6482,"date":"2023-07-13T16:34:47","date_gmt":"2023-07-13T14:34:47","guid":{"rendered":"https:\/\/agrarpetrovic.rs\/?post_type=product&#038;p=6482"},"modified":"2023-07-13T16:35:21","modified_gmt":"2023-07-13T14:35:21","slug":"pandion-f1-kupus","status":"publish","type":"product","link":"https:\/\/agrarpetrovic.rs\/en\/proizvod\/pandion-f1-kupus\/","title":{"rendered":"Pandion\u00a0F1 &#8211; Kupus"},"content":{"rendered":"<p>Pandion F1 je Seminisov hibrid za vrlo ranu proizvodnju. Zadnjih godina se nametnuo kao standard u tom segmentu kod nas. Sazreva za 55 dana nakon rasa\u0111ivanja. Glavice su okrugle, dobro zbijene, glatke spolja\u0161nosti, te\u017eine od 1-2kg. Listovi su tanki, svetlo zelene boje. Ima dobru sposobnost stojanja na polju i odli\u010dnu otpornost na pucanje. Zbog svoje adaptibilnosti posti\u017ee kostantno dobre rezultate iz sezone u sezonu. Mo\u017ee se gajiti u ranoj plasteni\u010dkoj proizvodnji, kao i na otvorenom polju.<\/p>","protected":false},"excerpt":{"rendered":"<p>Ime hibrida: <span class=\"x-dropcap\">B<\/span>ucharest F1<\/p>\n<p>Du\u017eina vegetacije: Sazreva za oko 55 dana nakon rasa\u0111ivanja<\/p>\n<p>Masa glavice: 1-2 kg<\/p>\n<p>Mo\u017ee se gajiti na otvorenom polju i za\u0161ti\u0107ienom prostoru<\/p>\n<p>Sve\u017ea potro\u0161nja, ki\u0161eljenje<\/p>","protected":false},"featured_media":6552,"template":"","meta":[],"product_brand":[],"product_cat":[372,373],"product_tag":[],"class_list":{"0":"post-6482","1":"product","2":"type-product","3":"status-publish","4":"has-post-thumbnail","6":"product_cat-seme-kupusa","7":"product_cat-zeleni-kupus","9":"first","10":"instock","11":"shipping-taxable","12":"product-type-simple"},"_links":{"self":[{"href":"https:\/\/agrarpetrovic.rs\/en\/wp-json\/wp\/v2\/product\/6482","targetHints":{"allow":["GET"]}}],"collection":[{"href":"https:\/\/agrarpetrovic.rs\/en\/wp-json\/wp\/v2\/product"}],"about":[{"href":"https:\/\/agrarpetrovic.rs\/en\/wp-json\/wp\/v2\/types\/product"}],"wp:featuredmedia":[{"embeddable":true,"href":"https:\/\/agrarpetrovic.rs\/en\/wp-json\/wp\/v2\/media\/6552"}],"wp:attachment":[{"href":"https:\/\/agrarpetrovic.rs\/en\/wp-json\/wp\/v2\/media?parent=6482"}],"wp:term":[{"taxonomy":"product_brand","embeddable":true,"href":"https:\/\/agrarpetrovic.rs\/en\/wp-json\/wp\/v2\/product_brand?post=6482"},{"taxonomy":"product_cat","embeddable":true,"href":"https:\/\/agrarpetrovic.rs\/en\/wp-json\/wp\/v2\/product_cat?post=6482"},{"taxonomy":"product_tag","embeddable":true,"href":"https:\/\/agrarpetrovic.rs\/en\/wp-json\/wp\/v2\/product_tag?post=6482"}],"curies":[{"name":"wp","href":"https:\/\/api.w.org\/{rel}","templated":true}]}}