{"id":6483,"date":"2023-07-13T16:34:47","date_gmt":"2023-07-13T14:34:47","guid":{"rendered":"https:\/\/agrarpetrovic.rs\/?post_type=product&#038;p=6483"},"modified":"2023-07-13T16:35:22","modified_gmt":"2023-07-13T14:35:22","slug":"tucana-f1-kupus","status":"publish","type":"product","link":"https:\/\/agrarpetrovic.rs\/en\/proizvod\/tucana-f1-kupus\/","title":{"rendered":"Tucana\u00a0F1 &#8211; Kupus"},"content":{"rendered":"<p>Tucana F1 je ve\u0107 dobro poznati rani hibrid kupusa koji se zbog svoje pouzdanosti odr\u017eao u proizvodnji ve\u0107 du\u017ei niz godina. Glavice su okrugle, \u010dvrste, lepog izgleda. Du\u017eina vegetacije je oko 65 dana, a krupno\u0107a je oko 2kg. Koristi se sve\u017eu potro\u0161nju i dobro podnosi kra\u0107i lager.<\/p>","protected":false},"excerpt":{"rendered":"<p>Ime hibrida: Tucana\u00a0F1<\/p>\n<p>Du\u017eina vegetacije: oko 65 dana<\/p>\n<p>Masa glavice: 2 kg<\/p>\n<p>Sve\u017ea potro\u0161nja<\/p>","protected":false},"featured_media":6554,"template":"","meta":[],"product_brand":[],"product_cat":[372,349,335,373],"product_tag":[],"class_list":{"0":"post-6483","1":"product","2":"type-product","3":"status-publish","4":"has-post-thumbnail","6":"product_cat-seme-kupusa","7":"product_cat-seme-povrca","8":"product_cat-semenska-roba","9":"product_cat-zeleni-kupus","11":"first","12":"instock","13":"shipping-taxable","14":"product-type-simple"},"_links":{"self":[{"href":"https:\/\/agrarpetrovic.rs\/en\/wp-json\/wp\/v2\/product\/6483","targetHints":{"allow":["GET"]}}],"collection":[{"href":"https:\/\/agrarpetrovic.rs\/en\/wp-json\/wp\/v2\/product"}],"about":[{"href":"https:\/\/agrarpetrovic.rs\/en\/wp-json\/wp\/v2\/types\/product"}],"wp:featuredmedia":[{"embeddable":true,"href":"https:\/\/agrarpetrovic.rs\/en\/wp-json\/wp\/v2\/media\/6554"}],"wp:attachment":[{"href":"https:\/\/agrarpetrovic.rs\/en\/wp-json\/wp\/v2\/media?parent=6483"}],"wp:term":[{"taxonomy":"product_brand","embeddable":true,"href":"https:\/\/agrarpetrovic.rs\/en\/wp-json\/wp\/v2\/product_brand?post=6483"},{"taxonomy":"product_cat","embeddable":true,"href":"https:\/\/agrarpetrovic.rs\/en\/wp-json\/wp\/v2\/product_cat?post=6483"},{"taxonomy":"product_tag","embeddable":true,"href":"https:\/\/agrarpetrovic.rs\/en\/wp-json\/wp\/v2\/product_tag?post=6483"}],"curies":[{"name":"wp","href":"https:\/\/api.w.org\/{rel}","templated":true}]}}