{"id":6484,"date":"2023-07-13T16:34:47","date_gmt":"2023-07-13T14:34:47","guid":{"rendered":"https:\/\/agrarpetrovic.rs\/?post_type=product&#038;p=6484"},"modified":"2023-07-13T16:35:23","modified_gmt":"2023-07-13T14:35:23","slug":"tobia-f1-kupus","status":"publish","type":"product","link":"https:\/\/agrarpetrovic.rs\/en\/proizvod\/tobia-f1-kupus\/","title":{"rendered":"Tobia\u00a0F1 &#8211; Kupus"},"content":{"rendered":"<p>Tobia F1 je Seminisov hibrid vrhunskog kvaliteta bez premca u segmentu za kiseljenje. Glavice su okrugle, krupno\u0107e 5-7kg, tankih listova, kratkog korena i ujedna\u010dene. Du\u017eina vegetacije je ispod 100 dana a preporu\u010den sklop je 25000-35000 bilj.\/ha. Tobia F1 poseduje i odli\u010dnu sposobnost odr\u017eavanja na polju nakon sazrevanja koja iznosi do 30 dana.<\/p>\n<p>Rezistencija: Fusarium<\/p>\n<p>&nbsp;<\/p>","protected":false},"excerpt":{"rendered":"<p>Ime hibrida: Tobia\u00a0F1<\/p>\n<p>Du\u017eina vegetacije: Ispod 100 dana<\/p>\n<p>Masa glavice: 5-7 kg<\/p>\n<p>Ki\u0161eljenje<\/p>","protected":false},"featured_media":6555,"template":"","meta":[],"product_brand":[],"product_cat":[372,349,335,373],"product_tag":[],"class_list":{"0":"post-6484","1":"product","2":"type-product","3":"status-publish","4":"has-post-thumbnail","6":"product_cat-seme-kupusa","7":"product_cat-seme-povrca","8":"product_cat-semenska-roba","9":"product_cat-zeleni-kupus","11":"first","12":"instock","13":"shipping-taxable","14":"product-type-simple"},"_links":{"self":[{"href":"https:\/\/agrarpetrovic.rs\/en\/wp-json\/wp\/v2\/product\/6484","targetHints":{"allow":["GET"]}}],"collection":[{"href":"https:\/\/agrarpetrovic.rs\/en\/wp-json\/wp\/v2\/product"}],"about":[{"href":"https:\/\/agrarpetrovic.rs\/en\/wp-json\/wp\/v2\/types\/product"}],"wp:featuredmedia":[{"embeddable":true,"href":"https:\/\/agrarpetrovic.rs\/en\/wp-json\/wp\/v2\/media\/6555"}],"wp:attachment":[{"href":"https:\/\/agrarpetrovic.rs\/en\/wp-json\/wp\/v2\/media?parent=6484"}],"wp:term":[{"taxonomy":"product_brand","embeddable":true,"href":"https:\/\/agrarpetrovic.rs\/en\/wp-json\/wp\/v2\/product_brand?post=6484"},{"taxonomy":"product_cat","embeddable":true,"href":"https:\/\/agrarpetrovic.rs\/en\/wp-json\/wp\/v2\/product_cat?post=6484"},{"taxonomy":"product_tag","embeddable":true,"href":"https:\/\/agrarpetrovic.rs\/en\/wp-json\/wp\/v2\/product_tag?post=6484"}],"curies":[{"name":"wp","href":"https:\/\/api.w.org\/{rel}","templated":true}]}}