{"id":6485,"date":"2023-07-13T16:34:47","date_gmt":"2023-07-13T14:34:47","guid":{"rendered":"https:\/\/agrarpetrovic.rs\/?post_type=product&#038;p=6485"},"modified":"2023-07-13T16:35:24","modified_gmt":"2023-07-13T14:35:24","slug":"platinum-dynasty-f1-kupus","status":"publish","type":"product","link":"https:\/\/agrarpetrovic.rs\/en\/proizvod\/platinum-dynasty-f1-kupus\/","title":{"rendered":"Platinum Dynasty\u00a0F1 &#8211; Kupus"},"content":{"rendered":"<p>Platinum Dynasty F1 je novi CMS hibrid kupusa za sve\u017eu\u00a0potro\u0161nju. Glavice su ujedna\u010dene, okruglog do blago\u00a0spljo\u0161tenog oblika, izuzetne tr\u017ei\u0161nosti. Du\u017eina vegetacije je\u00a070 dana od rasa\u0111ivanja a krupno\u0107a do 3kg. Ovo je adaptibilan\u00a0hibrid koji je u ranoj prole\u0107noj proizvodnji pokazao odli\u010dne\u00a0rezultate. Podjednako uspe\u0161no se gaji i u letnjoj i u jesenjoj\u00a0proizvodnji.<\/p>\n<p>Rezistencija: Foc-1, Tb (HR); Xcc (IR)<\/p>\n<p>&nbsp;<\/p>","protected":false},"excerpt":{"rendered":"<p>Ime hibrida: <span class=\"x-dropcap\">B<\/span>ucharest F1<\/p>\n<p>Du\u017eina vegetacije: 70 dana od rasa\u0111ivanja<\/p>\n<p>Masa glavice:\u00a0 do 3 kg<\/p>\n<p>Sve\u017ea potro\u0161nja, ki\u0161eljenje<\/p>","protected":false},"featured_media":6557,"template":"","meta":[],"product_brand":[],"product_cat":[372,335,373],"product_tag":[],"class_list":{"0":"post-6485","1":"product","2":"type-product","3":"status-publish","4":"has-post-thumbnail","6":"product_cat-seme-kupusa","7":"product_cat-semenska-roba","8":"product_cat-zeleni-kupus","10":"first","11":"instock","12":"shipping-taxable","13":"product-type-simple"},"_links":{"self":[{"href":"https:\/\/agrarpetrovic.rs\/en\/wp-json\/wp\/v2\/product\/6485","targetHints":{"allow":["GET"]}}],"collection":[{"href":"https:\/\/agrarpetrovic.rs\/en\/wp-json\/wp\/v2\/product"}],"about":[{"href":"https:\/\/agrarpetrovic.rs\/en\/wp-json\/wp\/v2\/types\/product"}],"wp:featuredmedia":[{"embeddable":true,"href":"https:\/\/agrarpetrovic.rs\/en\/wp-json\/wp\/v2\/media\/6557"}],"wp:attachment":[{"href":"https:\/\/agrarpetrovic.rs\/en\/wp-json\/wp\/v2\/media?parent=6485"}],"wp:term":[{"taxonomy":"product_brand","embeddable":true,"href":"https:\/\/agrarpetrovic.rs\/en\/wp-json\/wp\/v2\/product_brand?post=6485"},{"taxonomy":"product_cat","embeddable":true,"href":"https:\/\/agrarpetrovic.rs\/en\/wp-json\/wp\/v2\/product_cat?post=6485"},{"taxonomy":"product_tag","embeddable":true,"href":"https:\/\/agrarpetrovic.rs\/en\/wp-json\/wp\/v2\/product_tag?post=6485"}],"curies":[{"name":"wp","href":"https:\/\/api.w.org\/{rel}","templated":true}]}}