{"id":6488,"date":"2023-07-13T16:34:47","date_gmt":"2023-07-13T14:34:47","guid":{"rendered":"https:\/\/agrarpetrovic.rs\/?post_type=product&#038;p=6488"},"modified":"2023-07-13T16:35:27","modified_gmt":"2023-07-13T14:35:27","slug":"zelox-f1-crveni-kupus","status":"publish","type":"product","link":"https:\/\/agrarpetrovic.rs\/en\/proizvod\/zelox-f1-crveni-kupus\/","title":{"rendered":"Zelox\u00a0F1 &#8211; Crveni kupus"},"content":{"rendered":"<p>&nbsp;<\/p>\n<p>Zelox F1 je crvni kupus namenjen za sve\u017eu potro\u0161nju i dugo skladi\u0161tenje. Du\u017eina vegetacije je oko 130 dana nakon rasa\u0111ivanja. Glavice su blago izdu\u017eene te\u017eine 3-4 kolograma, vrlo dobro za\u0161ti\u0107ene ovojnim li\u0161\u0107em. Preporu\u010den sklop je 35000 \u2013 45000 biljaka po hektaru<\/p>","protected":false},"excerpt":{"rendered":"<p>Ime hibrida: Zelox\u00a0F1<\/p>\n<p>Du\u017eina vegetacije: oko 130 dana<\/p>\n<p>Masa glavice: 3-4kg<\/p>\n<p>Sve\u017ea potro\u0161nja,<\/p>","protected":false},"featured_media":6561,"template":"","meta":[],"product_brand":[],"product_cat":[374,372,335],"product_tag":[],"class_list":{"0":"post-6488","1":"product","2":"type-product","3":"status-publish","4":"has-post-thumbnail","6":"product_cat-crveni-kupus","7":"product_cat-seme-kupusa","8":"product_cat-semenska-roba","10":"first","11":"instock","12":"shipping-taxable","13":"product-type-simple"},"_links":{"self":[{"href":"https:\/\/agrarpetrovic.rs\/en\/wp-json\/wp\/v2\/product\/6488","targetHints":{"allow":["GET"]}}],"collection":[{"href":"https:\/\/agrarpetrovic.rs\/en\/wp-json\/wp\/v2\/product"}],"about":[{"href":"https:\/\/agrarpetrovic.rs\/en\/wp-json\/wp\/v2\/types\/product"}],"wp:featuredmedia":[{"embeddable":true,"href":"https:\/\/agrarpetrovic.rs\/en\/wp-json\/wp\/v2\/media\/6561"}],"wp:attachment":[{"href":"https:\/\/agrarpetrovic.rs\/en\/wp-json\/wp\/v2\/media?parent=6488"}],"wp:term":[{"taxonomy":"product_brand","embeddable":true,"href":"https:\/\/agrarpetrovic.rs\/en\/wp-json\/wp\/v2\/product_brand?post=6488"},{"taxonomy":"product_cat","embeddable":true,"href":"https:\/\/agrarpetrovic.rs\/en\/wp-json\/wp\/v2\/product_cat?post=6488"},{"taxonomy":"product_tag","embeddable":true,"href":"https:\/\/agrarpetrovic.rs\/en\/wp-json\/wp\/v2\/product_tag?post=6488"}],"curies":[{"name":"wp","href":"https:\/\/api.w.org\/{rel}","templated":true}]}}