{"id":6489,"date":"2023-07-13T16:34:47","date_gmt":"2023-07-13T14:34:47","guid":{"rendered":"https:\/\/agrarpetrovic.rs\/?post_type=product&#038;p=6489"},"modified":"2023-07-13T16:35:29","modified_gmt":"2023-07-13T14:35:29","slug":"freedom-f1-karfiol","status":"publish","type":"product","link":"https:\/\/agrarpetrovic.rs\/en\/proizvod\/freedom-f1-karfiol\/","title":{"rendered":"Freedom F1 &#8211; Karfiol"},"content":{"rendered":"<p>Freedom F1 je karfiol iz novije Seminisove selekcije. To je CMS tip karfiola, \u0161to zna\u010di da ga krasi izuzetna ujedna\u010denost kako u vremenu pristizanja, tako i u veli\u010dini i obliku glavice. Cvast je vrlo zbijena, te\u017eine od 1,5 \u2013 2kg, zavijanje glavice je odli\u010dno, a boja cvasti je sne\u017eno bela. Du\u017eina vegetacije je oko 70 dana u letnjim uslovima a oko 78 u jesen. Branje je vrlo lako zbog dobre zbijenosti li\u0161\u0107a uz glavicu, pa je pristup biljkama vrlo lak.<\/p>","protected":false},"excerpt":{"rendered":"<p>Ime hibrida: Freedom F1<\/p>\n<p>Du\u017eina vegetacije: 70 &#8211; 78 dana<\/p>\n<p>Masa glavice: 1,5 &#8211; 2 kg<\/p>","protected":false},"featured_media":6563,"template":"","meta":[],"product_brand":[],"product_cat":[375,371,335],"product_tag":[],"class_list":{"0":"post-6489","1":"product","2":"type-product","3":"status-publish","4":"has-post-thumbnail","6":"product_cat-karfiol","7":"product_cat-seme-kupusnjaca","8":"product_cat-semenska-roba","10":"first","11":"instock","12":"shipping-taxable","13":"product-type-simple"},"_links":{"self":[{"href":"https:\/\/agrarpetrovic.rs\/en\/wp-json\/wp\/v2\/product\/6489","targetHints":{"allow":["GET"]}}],"collection":[{"href":"https:\/\/agrarpetrovic.rs\/en\/wp-json\/wp\/v2\/product"}],"about":[{"href":"https:\/\/agrarpetrovic.rs\/en\/wp-json\/wp\/v2\/types\/product"}],"wp:featuredmedia":[{"embeddable":true,"href":"https:\/\/agrarpetrovic.rs\/en\/wp-json\/wp\/v2\/media\/6563"}],"wp:attachment":[{"href":"https:\/\/agrarpetrovic.rs\/en\/wp-json\/wp\/v2\/media?parent=6489"}],"wp:term":[{"taxonomy":"product_brand","embeddable":true,"href":"https:\/\/agrarpetrovic.rs\/en\/wp-json\/wp\/v2\/product_brand?post=6489"},{"taxonomy":"product_cat","embeddable":true,"href":"https:\/\/agrarpetrovic.rs\/en\/wp-json\/wp\/v2\/product_cat?post=6489"},{"taxonomy":"product_tag","embeddable":true,"href":"https:\/\/agrarpetrovic.rs\/en\/wp-json\/wp\/v2\/product_tag?post=6489"}],"curies":[{"name":"wp","href":"https:\/\/api.w.org\/{rel}","templated":true}]}}