{"id":6490,"date":"2023-07-13T16:34:47","date_gmt":"2023-07-13T14:34:47","guid":{"rendered":"https:\/\/agrarpetrovic.rs\/?post_type=product&#038;p=6490"},"modified":"2023-07-13T16:35:31","modified_gmt":"2023-07-13T14:35:31","slug":"arizona-f1-karfiol","status":"publish","type":"product","link":"https:\/\/agrarpetrovic.rs\/en\/proizvod\/arizona-f1-karfiol\/","title":{"rendered":"Arizona\u00a0F1 &#8211; Karfiol"},"content":{"rendered":"<p>Arizona F1 je karfiol iz nove Seminisove selekcije koji krase vi\u0161e pozitivnih karakteristika. Najva\u017enija je izuzetna tolerancija na stres i su\u0161u. Ima natprose\u010dno jak korenov sistem koji mu daje stabilnost u proizvodnji. Samopokrivanje je odli\u010dno, a glavice su te\u017eine oko 1,8 kg. Du\u017eina vegetacije u jesenjoj proizvodnji je oko 75 dana. U uslovima izuzetno visokih letnjih temperatura ne produ\u017eava du\u017einu vegetacije.<\/p>","protected":false},"excerpt":{"rendered":"<p>Ime hibrida: Arizona F1<\/p>\n<p>Du\u017eina vegetacije: 75 dana<\/p>\n<p>Masa glavice: oko 1,8 kg<\/p>","protected":false},"featured_media":6566,"template":"","meta":[],"product_brand":[],"product_cat":[375,371,349],"product_tag":[],"class_list":{"0":"post-6490","1":"product","2":"type-product","3":"status-publish","4":"has-post-thumbnail","6":"product_cat-karfiol","7":"product_cat-seme-kupusnjaca","8":"product_cat-seme-povrca","10":"first","11":"instock","12":"shipping-taxable","13":"product-type-simple"},"_links":{"self":[{"href":"https:\/\/agrarpetrovic.rs\/en\/wp-json\/wp\/v2\/product\/6490","targetHints":{"allow":["GET"]}}],"collection":[{"href":"https:\/\/agrarpetrovic.rs\/en\/wp-json\/wp\/v2\/product"}],"about":[{"href":"https:\/\/agrarpetrovic.rs\/en\/wp-json\/wp\/v2\/types\/product"}],"wp:featuredmedia":[{"embeddable":true,"href":"https:\/\/agrarpetrovic.rs\/en\/wp-json\/wp\/v2\/media\/6566"}],"wp:attachment":[{"href":"https:\/\/agrarpetrovic.rs\/en\/wp-json\/wp\/v2\/media?parent=6490"}],"wp:term":[{"taxonomy":"product_brand","embeddable":true,"href":"https:\/\/agrarpetrovic.rs\/en\/wp-json\/wp\/v2\/product_brand?post=6490"},{"taxonomy":"product_cat","embeddable":true,"href":"https:\/\/agrarpetrovic.rs\/en\/wp-json\/wp\/v2\/product_cat?post=6490"},{"taxonomy":"product_tag","embeddable":true,"href":"https:\/\/agrarpetrovic.rs\/en\/wp-json\/wp\/v2\/product_tag?post=6490"}],"curies":[{"name":"wp","href":"https:\/\/api.w.org\/{rel}","templated":true}]}}