{"id":6491,"date":"2023-07-13T16:34:47","date_gmt":"2023-07-13T14:34:47","guid":{"rendered":"https:\/\/agrarpetrovic.rs\/?post_type=product&#038;p=6491"},"modified":"2023-07-13T16:35:33","modified_gmt":"2023-07-13T14:35:33","slug":"cornell-f1-karfiol","status":"publish","type":"product","link":"https:\/\/agrarpetrovic.rs\/en\/proizvod\/cornell-f1-karfiol\/","title":{"rendered":"Cornell\u00a0F1 &#8211; Karfiol"},"content":{"rendered":"<p>Cornell F1 je Seminisov novi hibrid koji se zbog svojih jedinstvenih karakteristka na\u0161ao u na\u0161oj ponudi. Prevashodno je namenjen za jesenju berbu. Vegetacija u jesenjoj proizvodnji je oko 83 dana. Ima izuzetno bele glavice, pravilnog oblika i dobre ujedna\u010denosti sa odli\u010dnim samopokrivanjem. Prose\u010dna te\u017eina glavice je oko 1,8 kg.<\/p>","protected":false},"excerpt":{"rendered":"<p>Ime hibrida: Cornel F1<\/p>\n<p>Du\u017eina vegetacije: oko 83 dana<\/p>\n<p>Masa glavice: oko 1,8 kg<\/p>","protected":false},"featured_media":6569,"template":"","meta":[],"product_brand":[],"product_cat":[375,371,349,335],"product_tag":[],"class_list":{"0":"post-6491","1":"product","2":"type-product","3":"status-publish","4":"has-post-thumbnail","6":"product_cat-karfiol","7":"product_cat-seme-kupusnjaca","8":"product_cat-seme-povrca","9":"product_cat-semenska-roba","11":"first","12":"instock","13":"shipping-taxable","14":"product-type-simple"},"_links":{"self":[{"href":"https:\/\/agrarpetrovic.rs\/en\/wp-json\/wp\/v2\/product\/6491","targetHints":{"allow":["GET"]}}],"collection":[{"href":"https:\/\/agrarpetrovic.rs\/en\/wp-json\/wp\/v2\/product"}],"about":[{"href":"https:\/\/agrarpetrovic.rs\/en\/wp-json\/wp\/v2\/types\/product"}],"wp:featuredmedia":[{"embeddable":true,"href":"https:\/\/agrarpetrovic.rs\/en\/wp-json\/wp\/v2\/media\/6569"}],"wp:attachment":[{"href":"https:\/\/agrarpetrovic.rs\/en\/wp-json\/wp\/v2\/media?parent=6491"}],"wp:term":[{"taxonomy":"product_brand","embeddable":true,"href":"https:\/\/agrarpetrovic.rs\/en\/wp-json\/wp\/v2\/product_brand?post=6491"},{"taxonomy":"product_cat","embeddable":true,"href":"https:\/\/agrarpetrovic.rs\/en\/wp-json\/wp\/v2\/product_cat?post=6491"},{"taxonomy":"product_tag","embeddable":true,"href":"https:\/\/agrarpetrovic.rs\/en\/wp-json\/wp\/v2\/product_tag?post=6491"}],"curies":[{"name":"wp","href":"https:\/\/api.w.org\/{rel}","templated":true}]}}