{"id":6492,"date":"2023-07-13T16:34:48","date_gmt":"2023-07-13T14:34:48","guid":{"rendered":"https:\/\/agrarpetrovic.rs\/?post_type=product&#038;p=6492"},"modified":"2023-07-13T16:35:39","modified_gmt":"2023-07-13T14:35:39","slug":"conero-f1-karfiol","status":"publish","type":"product","link":"https:\/\/agrarpetrovic.rs\/en\/proizvod\/conero-f1-karfiol\/","title":{"rendered":"Conero F1 &#8211; Karfiol"},"content":{"rendered":"<p>Conero F1 je novitet u ponudi Seminisa za segment proizvodnje koji nije toliko zastupljen kod nas, ali svakako ima svoje mesto na tr\u017ei\u0161tu. Period kada treba tempirati stizanje Conera je polovina novembra u severnijim delovima na\u0161e zemlje i kraj novembra na jugu, kada on pokazuje sve svoje kvalitete. Ima dobro samopokrivanje i odli\u010dnu toleranciju na ni\u017ee temperature. Glavice su te\u017eine oko 1,5 kg, glatke, izrazito bele boje i prili\u010dno ujedna\u010dene. Du\u017eina vegetacije od rasa\u0111ivanja je oko 95 dana.<\/p>","protected":false},"excerpt":{"rendered":"<p>Ime hibrida: Corneo F1<\/p>\n<p>Du\u017eina vegetacije: 95 dana<\/p>\n<p>Masa glavice: 1,5\u00a0 kg<\/p>","protected":false},"featured_media":6582,"template":"","meta":[],"product_brand":[],"product_cat":[375,371,335],"product_tag":[],"class_list":{"0":"post-6492","1":"product","2":"type-product","3":"status-publish","4":"has-post-thumbnail","6":"product_cat-karfiol","7":"product_cat-seme-kupusnjaca","8":"product_cat-semenska-roba","10":"first","11":"instock","12":"shipping-taxable","13":"product-type-simple"},"_links":{"self":[{"href":"https:\/\/agrarpetrovic.rs\/en\/wp-json\/wp\/v2\/product\/6492","targetHints":{"allow":["GET"]}}],"collection":[{"href":"https:\/\/agrarpetrovic.rs\/en\/wp-json\/wp\/v2\/product"}],"about":[{"href":"https:\/\/agrarpetrovic.rs\/en\/wp-json\/wp\/v2\/types\/product"}],"wp:featuredmedia":[{"embeddable":true,"href":"https:\/\/agrarpetrovic.rs\/en\/wp-json\/wp\/v2\/media\/6582"}],"wp:attachment":[{"href":"https:\/\/agrarpetrovic.rs\/en\/wp-json\/wp\/v2\/media?parent=6492"}],"wp:term":[{"taxonomy":"product_brand","embeddable":true,"href":"https:\/\/agrarpetrovic.rs\/en\/wp-json\/wp\/v2\/product_brand?post=6492"},{"taxonomy":"product_cat","embeddable":true,"href":"https:\/\/agrarpetrovic.rs\/en\/wp-json\/wp\/v2\/product_cat?post=6492"},{"taxonomy":"product_tag","embeddable":true,"href":"https:\/\/agrarpetrovic.rs\/en\/wp-json\/wp\/v2\/product_tag?post=6492"}],"curies":[{"name":"wp","href":"https:\/\/api.w.org\/{rel}","templated":true}]}}