{"id":6493,"date":"2023-07-13T16:34:48","date_gmt":"2023-07-13T14:34:48","guid":{"rendered":"https:\/\/agrarpetrovic.rs\/?post_type=product&#038;p=6493"},"modified":"2023-07-13T16:35:40","modified_gmt":"2023-07-13T14:35:40","slug":"chevalier-f1-brokoli","status":"publish","type":"product","link":"https:\/\/agrarpetrovic.rs\/en\/proizvod\/chevalier-f1-brokoli\/","title":{"rendered":"Chevalier\u00a0F1 &#8211; Brokoli"},"content":{"rendered":"<p>Chevalier F1 je hibrid za glavnu sezonu. Glavice su tamno zelene boje, krupno\u0107e do 700g i dobrog kvalieta. Du\u017eina vegetacije je oko 65 dana u letnjoj i oko 75 dana u jesnjoj proizvodnji. Za leto je preporu\u010den sklop od 38000 biljaka\/ha, a za jesen 33000. Chevalier ima dobru produkciju bo\u010dnih zaperaka i dobru ujedna\u010denost u veli\u010dini ploda. Dobra tolerancija na plamenja\u010du.<\/p>","protected":false},"excerpt":{"rendered":"<p>Ime hibrida: Chevariel F1<\/p>\n<p>Du\u017eina vegetacije: 65 dana &#8211; letnja proizvodnja, 75 dana -jesenja proizvodnja<\/p>\n<p>Masa glavice: 1,5 &#8211; 2 kg<\/p>","protected":false},"featured_media":6584,"template":"","meta":[],"product_brand":[],"product_cat":[376,371,349,335],"product_tag":[],"class_list":{"0":"post-6493","1":"product","2":"type-product","3":"status-publish","4":"has-post-thumbnail","6":"product_cat-brokoli","7":"product_cat-seme-kupusnjaca","8":"product_cat-seme-povrca","9":"product_cat-semenska-roba","11":"first","12":"instock","13":"shipping-taxable","14":"product-type-simple"},"_links":{"self":[{"href":"https:\/\/agrarpetrovic.rs\/en\/wp-json\/wp\/v2\/product\/6493","targetHints":{"allow":["GET"]}}],"collection":[{"href":"https:\/\/agrarpetrovic.rs\/en\/wp-json\/wp\/v2\/product"}],"about":[{"href":"https:\/\/agrarpetrovic.rs\/en\/wp-json\/wp\/v2\/types\/product"}],"wp:featuredmedia":[{"embeddable":true,"href":"https:\/\/agrarpetrovic.rs\/en\/wp-json\/wp\/v2\/media\/6584"}],"wp:attachment":[{"href":"https:\/\/agrarpetrovic.rs\/en\/wp-json\/wp\/v2\/media?parent=6493"}],"wp:term":[{"taxonomy":"product_brand","embeddable":true,"href":"https:\/\/agrarpetrovic.rs\/en\/wp-json\/wp\/v2\/product_brand?post=6493"},{"taxonomy":"product_cat","embeddable":true,"href":"https:\/\/agrarpetrovic.rs\/en\/wp-json\/wp\/v2\/product_cat?post=6493"},{"taxonomy":"product_tag","embeddable":true,"href":"https:\/\/agrarpetrovic.rs\/en\/wp-json\/wp\/v2\/product_tag?post=6493"}],"curies":[{"name":"wp","href":"https:\/\/api.w.org\/{rel}","templated":true}]}}