{"id":6494,"date":"2023-07-13T16:34:48","date_gmt":"2023-07-13T14:34:48","guid":{"rendered":"https:\/\/agrarpetrovic.rs\/?post_type=product&#038;p=6494"},"modified":"2023-07-13T16:35:42","modified_gmt":"2023-07-13T14:35:42","slug":"lord-f1-brokoli","status":"publish","type":"product","link":"https:\/\/agrarpetrovic.rs\/en\/proizvod\/lord-f1-brokoli\/","title":{"rendered":"Lord\u00a0F1 &#8211; Brokoli"},"content":{"rendered":"<p>Lord F1 je hibrid za glavnu proizvodnu sezonu. Glavice su tamno zelene boje, krupno\u0107e do 700g sa odli\u010dnom produkcijom bo\u010dnih zaperaka. Preporu\u010duje se gajenje za leto (62 dana) vegetacije i jesen (71 dan). Dobre je tolerancije na plamenja\u010du, a preporu\u010den sklop je 38000 biljaka\/ha za letnju a 33000 za jesenju proizvodnju.<\/p>","protected":false},"excerpt":{"rendered":"<p>Ime hibrida: Lord\u00a0 F1<\/p>\n<p>Du\u017eina vegetacije: 62 dana &#8211; letnja proizvodnja dana; 71 dan &#8211; jesenja proizvodnja<\/p>\n<p>Masa glavice: 700 gr<\/p>","protected":false},"featured_media":6586,"template":"","meta":[],"product_brand":[],"product_cat":[376,371,349,335],"product_tag":[],"class_list":{"0":"post-6494","1":"product","2":"type-product","3":"status-publish","4":"has-post-thumbnail","6":"product_cat-brokoli","7":"product_cat-seme-kupusnjaca","8":"product_cat-seme-povrca","9":"product_cat-semenska-roba","11":"first","12":"instock","13":"shipping-taxable","14":"product-type-simple"},"_links":{"self":[{"href":"https:\/\/agrarpetrovic.rs\/en\/wp-json\/wp\/v2\/product\/6494","targetHints":{"allow":["GET"]}}],"collection":[{"href":"https:\/\/agrarpetrovic.rs\/en\/wp-json\/wp\/v2\/product"}],"about":[{"href":"https:\/\/agrarpetrovic.rs\/en\/wp-json\/wp\/v2\/types\/product"}],"wp:featuredmedia":[{"embeddable":true,"href":"https:\/\/agrarpetrovic.rs\/en\/wp-json\/wp\/v2\/media\/6586"}],"wp:attachment":[{"href":"https:\/\/agrarpetrovic.rs\/en\/wp-json\/wp\/v2\/media?parent=6494"}],"wp:term":[{"taxonomy":"product_brand","embeddable":true,"href":"https:\/\/agrarpetrovic.rs\/en\/wp-json\/wp\/v2\/product_brand?post=6494"},{"taxonomy":"product_cat","embeddable":true,"href":"https:\/\/agrarpetrovic.rs\/en\/wp-json\/wp\/v2\/product_cat?post=6494"},{"taxonomy":"product_tag","embeddable":true,"href":"https:\/\/agrarpetrovic.rs\/en\/wp-json\/wp\/v2\/product_tag?post=6494"}],"curies":[{"name":"wp","href":"https:\/\/api.w.org\/{rel}","templated":true}]}}