{"id":6495,"date":"2023-07-13T16:34:48","date_gmt":"2023-07-13T14:34:48","guid":{"rendered":"https:\/\/agrarpetrovic.rs\/?post_type=product&#038;p=6495"},"modified":"2023-07-13T16:35:44","modified_gmt":"2023-07-13T14:35:44","slug":"ironman-f1-brokoli","status":"publish","type":"product","link":"https:\/\/agrarpetrovic.rs\/en\/proizvod\/ironman-f1-brokoli\/","title":{"rendered":"Ironman F1 &#8211; Brokoli"},"content":{"rendered":"<p>Ironman F1 je prili\u010dno adaptibilam hibrid koji se mo\u017ee gajiti tokom cele sezone. Biljke su sna\u017ene, a glavice podignute vrlo visoko, tako da skoro uop\u0161te nemaju li\u0161\u0107e vezano za vrat glavice \u0161to ga \u010dini izuzetno lakim za berbu. Ima odli\u010dnu toleranciju na stres i bakterioze. Glavice su krupno\u0107e do 750g, plavo-zelene boje sa manjim brojem bo\u010dnih zaperaka. Du\u017eina vegetacije je 82 dana u prole\u0107e, 64 u leto i 73 u jesen. Dobra tolerancija na plamenja\u010du.<\/p>","protected":false},"excerpt":{"rendered":"<p>Ime hibrida: Ironmann\u00a0 F1<\/p>\n<p>Du\u017eina vegetacije: 82 dana &#8211; prole\u0107na proizvodnja; 64 dana &#8211; letnja proizvodnja dana; 73 dan &#8211; jesenja proizvodnja<\/p>\n<p>Masa glavice: 750gr<\/p>","protected":false},"featured_media":6588,"template":"","meta":[],"product_brand":[],"product_cat":[376,371,349,335],"product_tag":[],"class_list":{"0":"post-6495","1":"product","2":"type-product","3":"status-publish","4":"has-post-thumbnail","6":"product_cat-brokoli","7":"product_cat-seme-kupusnjaca","8":"product_cat-seme-povrca","9":"product_cat-semenska-roba","11":"first","12":"instock","13":"shipping-taxable","14":"product-type-simple"},"_links":{"self":[{"href":"https:\/\/agrarpetrovic.rs\/en\/wp-json\/wp\/v2\/product\/6495","targetHints":{"allow":["GET"]}}],"collection":[{"href":"https:\/\/agrarpetrovic.rs\/en\/wp-json\/wp\/v2\/product"}],"about":[{"href":"https:\/\/agrarpetrovic.rs\/en\/wp-json\/wp\/v2\/types\/product"}],"wp:featuredmedia":[{"embeddable":true,"href":"https:\/\/agrarpetrovic.rs\/en\/wp-json\/wp\/v2\/media\/6588"}],"wp:attachment":[{"href":"https:\/\/agrarpetrovic.rs\/en\/wp-json\/wp\/v2\/media?parent=6495"}],"wp:term":[{"taxonomy":"product_brand","embeddable":true,"href":"https:\/\/agrarpetrovic.rs\/en\/wp-json\/wp\/v2\/product_brand?post=6495"},{"taxonomy":"product_cat","embeddable":true,"href":"https:\/\/agrarpetrovic.rs\/en\/wp-json\/wp\/v2\/product_cat?post=6495"},{"taxonomy":"product_tag","embeddable":true,"href":"https:\/\/agrarpetrovic.rs\/en\/wp-json\/wp\/v2\/product_tag?post=6495"}],"curies":[{"name":"wp","href":"https:\/\/api.w.org\/{rel}","templated":true}]}}