{"id":6528,"date":"2023-07-13T16:35:12","date_gmt":"2023-07-13T14:35:12","guid":{"rendered":"https:\/\/agrarpetrovic.rs\/?post_type=product&#038;p=6528"},"modified":"2023-07-13T16:35:45","modified_gmt":"2023-07-13T14:35:45","slug":"stilon-f1-kelj","status":"publish","type":"product","link":"https:\/\/agrarpetrovic.rs\/en\/proizvod\/stilon-f1-kelj\/","title":{"rendered":"Stilon\u00a0F1 &#8211; Kelj"},"content":{"rendered":"<p>Stilon F1 je hibrid koji je me\u0161avina izme\u0111u kelja i kupusa \u0161to ga \u010dini izuzetno otpornim na niske temperatura. Ima sposobnost da prezimi na otvorenom polju. Du\u017eina vegetacije je oko 170 dana, a glavice su krupno\u0107e od 3 do 3,5 kg. Boja glavice je plavo-zelena.<\/p>","protected":false},"excerpt":{"rendered":"<p>Ime hibrida: stilon<\/p>\n<p>Du\u017eina vegetacije: 175 dana<\/p>\n<p>Te\u017eina gla vice 3 do 3,5 kg<\/p>","protected":false},"featured_media":6591,"template":"","meta":[],"product_brand":[],"product_cat":[377,349,335],"product_tag":[],"class_list":{"0":"post-6528","1":"product","2":"type-product","3":"status-publish","4":"has-post-thumbnail","6":"product_cat-kelj","7":"product_cat-seme-povrca","8":"product_cat-semenska-roba","10":"first","11":"instock","12":"shipping-taxable","13":"product-type-simple"},"_links":{"self":[{"href":"https:\/\/agrarpetrovic.rs\/en\/wp-json\/wp\/v2\/product\/6528","targetHints":{"allow":["GET"]}}],"collection":[{"href":"https:\/\/agrarpetrovic.rs\/en\/wp-json\/wp\/v2\/product"}],"about":[{"href":"https:\/\/agrarpetrovic.rs\/en\/wp-json\/wp\/v2\/types\/product"}],"wp:featuredmedia":[{"embeddable":true,"href":"https:\/\/agrarpetrovic.rs\/en\/wp-json\/wp\/v2\/media\/6591"}],"wp:attachment":[{"href":"https:\/\/agrarpetrovic.rs\/en\/wp-json\/wp\/v2\/media?parent=6528"}],"wp:term":[{"taxonomy":"product_brand","embeddable":true,"href":"https:\/\/agrarpetrovic.rs\/en\/wp-json\/wp\/v2\/product_brand?post=6528"},{"taxonomy":"product_cat","embeddable":true,"href":"https:\/\/agrarpetrovic.rs\/en\/wp-json\/wp\/v2\/product_cat?post=6528"},{"taxonomy":"product_tag","embeddable":true,"href":"https:\/\/agrarpetrovic.rs\/en\/wp-json\/wp\/v2\/product_tag?post=6528"}],"curies":[{"name":"wp","href":"https:\/\/api.w.org\/{rel}","templated":true}]}}