{"id":6529,"date":"2023-07-13T16:35:12","date_gmt":"2023-07-13T14:35:12","guid":{"rendered":"https:\/\/agrarpetrovic.rs\/?post_type=product&#038;p=6529"},"modified":"2023-07-13T16:35:47","modified_gmt":"2023-07-13T14:35:47","slug":"solatio-f1-krastavac","status":"publish","type":"product","link":"https:\/\/agrarpetrovic.rs\/en\/proizvod\/solatio-f1-krastavac\/","title":{"rendered":"Solatio\u00a0F1 &#8211; Krastavac"},"content":{"rendered":"<p>Solatio F1 je srednje rani partenokarpni hibrid krastavca salatara, tamno zelenih plodova odli\u010dnog kvaliteta, srednje bujne biljke malih listova, kratkih internodija i bo\u010dnih zaperaka. Solatio krasi izuzetan prinos a dobro je prilago\u0111en kako najranijoj prole\u0107noj tako i kasnoj jesenjoj proizvodnji. Zbog dobrog zametanja i produkcije plodova u uslovima ni\u017eih temperatura i slabije osvetljenosti pokazao se kao odli\u010dan i pouzdan izbor kod na\u0161ih proizvo\u0111a\u010da. Plodovi su pravilnog cilindri\u010dnog oblika, dobrog ukusa i odli\u010dne sposobnosti \u010duvanja nakon branja.<\/p>","protected":false},"excerpt":{"rendered":"<p>Ime hibrida: Solatio F1<\/p>\n<p>Tip ploda: Bradavi\u010dast<\/p>\n<p>Ranostasnost: Srednje rani<\/p>\n<p>Gajenje: Za\u0161ti\u0107en prostor<\/p>","protected":false},"featured_media":6592,"template":"","meta":[],"product_brand":[],"product_cat":[379,380,378,349,335,381],"product_tag":[],"class_list":{"0":"post-6529","1":"product","2":"type-product","3":"status-publish","4":"has-post-thumbnail","6":"product_cat-krastavac","7":"product_cat-krastavac-salatar","8":"product_cat-seme-krastavca-i-tikvice","9":"product_cat-seme-povrca","10":"product_cat-semenska-roba","11":"product_cat-slicer-bradavicasti-tip","13":"first","14":"instock","15":"shipping-taxable","16":"product-type-simple"},"_links":{"self":[{"href":"https:\/\/agrarpetrovic.rs\/en\/wp-json\/wp\/v2\/product\/6529","targetHints":{"allow":["GET"]}}],"collection":[{"href":"https:\/\/agrarpetrovic.rs\/en\/wp-json\/wp\/v2\/product"}],"about":[{"href":"https:\/\/agrarpetrovic.rs\/en\/wp-json\/wp\/v2\/types\/product"}],"wp:featuredmedia":[{"embeddable":true,"href":"https:\/\/agrarpetrovic.rs\/en\/wp-json\/wp\/v2\/media\/6592"}],"wp:attachment":[{"href":"https:\/\/agrarpetrovic.rs\/en\/wp-json\/wp\/v2\/media?parent=6529"}],"wp:term":[{"taxonomy":"product_brand","embeddable":true,"href":"https:\/\/agrarpetrovic.rs\/en\/wp-json\/wp\/v2\/product_brand?post=6529"},{"taxonomy":"product_cat","embeddable":true,"href":"https:\/\/agrarpetrovic.rs\/en\/wp-json\/wp\/v2\/product_cat?post=6529"},{"taxonomy":"product_tag","embeddable":true,"href":"https:\/\/agrarpetrovic.rs\/en\/wp-json\/wp\/v2\/product_tag?post=6529"}],"curies":[{"name":"wp","href":"https:\/\/api.w.org\/{rel}","templated":true}]}}