{"id":6532,"date":"2023-07-13T16:35:12","date_gmt":"2023-07-13T14:35:12","guid":{"rendered":"https:\/\/agrarpetrovic.rs\/?post_type=product&#038;p=6532"},"modified":"2023-07-13T16:35:52","modified_gmt":"2023-07-13T14:35:52","slug":"tornac-f1-krastavac","status":"publish","type":"product","link":"https:\/\/agrarpetrovic.rs\/en\/proizvod\/tornac-f1-krastavac\/","title":{"rendered":"Tornac\u00a0F1- Krastavac"},"content":{"rendered":"<p>Tornac F1 je najraniji partenokarpni hibrid u tipu mini salatara glatkih plodova du\u017eine do 20cm. Namenjen je za proizvodnju u za\u0161ti\u0107enom prostoru tokom cele godine a bez premca je u prole\u0107noj proizvodnji sa grejanjem. Biljka je sna\u017ena sa vrlo brzim porastom i konstantnim plodono\u0161enjem. Tornac zame\u0107e 2-4 ploda po kolenu, koji su izuzetnog kvaliteta, bez gor\u010dine sa vrlo malo semena. U pravilnim uslovima skladi\u0161tenja mo\u017ee se \u010duvati 10 i vi\u0161e dana. Sa sklopom od 2-2,5 biljke po m2 i pravilnom agrotehnikom Tornac posti\u017ee prinos do 40 kg\/m2.<\/p>","protected":false},"excerpt":{"rendered":"<p>Ime hibrida: Tornac F1<\/p>\n<p>Tip ploda: Glatki<\/p>\n<p>Ranostasnost: Rani<\/p>\n<p>Gajenje: Za\u0161ti\u0107en prostor<\/p>","protected":false},"featured_media":6602,"template":"","meta":[],"product_brand":[],"product_cat":[382,379,380,378,349,335],"product_tag":[],"class_list":{"0":"post-6532","1":"product","2":"type-product","3":"status-publish","4":"has-post-thumbnail","6":"product_cat-dutch-glatki-tip","7":"product_cat-krastavac","8":"product_cat-krastavac-salatar","9":"product_cat-seme-krastavca-i-tikvice","10":"product_cat-seme-povrca","11":"product_cat-semenska-roba","13":"first","14":"instock","15":"shipping-taxable","16":"product-type-simple"},"_links":{"self":[{"href":"https:\/\/agrarpetrovic.rs\/en\/wp-json\/wp\/v2\/product\/6532","targetHints":{"allow":["GET"]}}],"collection":[{"href":"https:\/\/agrarpetrovic.rs\/en\/wp-json\/wp\/v2\/product"}],"about":[{"href":"https:\/\/agrarpetrovic.rs\/en\/wp-json\/wp\/v2\/types\/product"}],"wp:featuredmedia":[{"embeddable":true,"href":"https:\/\/agrarpetrovic.rs\/en\/wp-json\/wp\/v2\/media\/6602"}],"wp:attachment":[{"href":"https:\/\/agrarpetrovic.rs\/en\/wp-json\/wp\/v2\/media?parent=6532"}],"wp:term":[{"taxonomy":"product_brand","embeddable":true,"href":"https:\/\/agrarpetrovic.rs\/en\/wp-json\/wp\/v2\/product_brand?post=6532"},{"taxonomy":"product_cat","embeddable":true,"href":"https:\/\/agrarpetrovic.rs\/en\/wp-json\/wp\/v2\/product_cat?post=6532"},{"taxonomy":"product_tag","embeddable":true,"href":"https:\/\/agrarpetrovic.rs\/en\/wp-json\/wp\/v2\/product_tag?post=6532"}],"curies":[{"name":"wp","href":"https:\/\/api.w.org\/{rel}","templated":true}]}}