{"id":6533,"date":"2023-07-13T16:35:13","date_gmt":"2023-07-13T14:35:13","guid":{"rendered":"https:\/\/agrarpetrovic.rs\/?post_type=product&#038;p=6533"},"modified":"2023-07-13T16:35:53","modified_gmt":"2023-07-13T14:35:53","slug":"darina-f1-krastavac","status":"publish","type":"product","link":"https:\/\/agrarpetrovic.rs\/en\/proizvod\/darina-f1-krastavac\/","title":{"rendered":"Darina\u00a0F1 &#8211; Krastavac"},"content":{"rendered":"<p>Darina F1 je ve\u0107 dugo godina standard u proizvodnji gde se odr\u017eala svojim prinosom, kvalitetom i prilagodljivo\u0161\u0107u razli\u010ditim uslovima proizvodnje. Ovo je hibrid sa prete\u017eno \u017eenskim cvetovima pogodan za gajenje na otvorenom i u zatvorenom prostoru. Darina je ranostasan hibrid du\u017eine ploda od 20-23 cm, sa odli\u010dnom prilago\u0111eno\u0161\u0107u ni\u017eim temperaturama tokom proizvodnje.<\/p>\n<p>Rezistencija: PM, CMV, Sc, CVYV<\/p>","protected":false},"excerpt":{"rendered":"<p>Ime hibrida: Darina\u00a0 F1<\/p>\n<p>Tip ploda: Bradavi\u010dast<\/p>\n<p>Ranostasnost: Rani<\/p>\n<p>Gajenje: Za\u0161ti\u0107en prostor, i otvoreno\u00a0 polje<\/p>","protected":false},"featured_media":6606,"template":"","meta":[],"product_brand":[],"product_cat":[379,378,349,335,381],"product_tag":[],"class_list":{"0":"post-6533","1":"product","2":"type-product","3":"status-publish","4":"has-post-thumbnail","6":"product_cat-krastavac","7":"product_cat-seme-krastavca-i-tikvice","8":"product_cat-seme-povrca","9":"product_cat-semenska-roba","10":"product_cat-slicer-bradavicasti-tip","12":"first","13":"instock","14":"shipping-taxable","15":"product-type-simple"},"_links":{"self":[{"href":"https:\/\/agrarpetrovic.rs\/en\/wp-json\/wp\/v2\/product\/6533","targetHints":{"allow":["GET"]}}],"collection":[{"href":"https:\/\/agrarpetrovic.rs\/en\/wp-json\/wp\/v2\/product"}],"about":[{"href":"https:\/\/agrarpetrovic.rs\/en\/wp-json\/wp\/v2\/types\/product"}],"wp:featuredmedia":[{"embeddable":true,"href":"https:\/\/agrarpetrovic.rs\/en\/wp-json\/wp\/v2\/media\/6606"}],"wp:attachment":[{"href":"https:\/\/agrarpetrovic.rs\/en\/wp-json\/wp\/v2\/media?parent=6533"}],"wp:term":[{"taxonomy":"product_brand","embeddable":true,"href":"https:\/\/agrarpetrovic.rs\/en\/wp-json\/wp\/v2\/product_brand?post=6533"},{"taxonomy":"product_cat","embeddable":true,"href":"https:\/\/agrarpetrovic.rs\/en\/wp-json\/wp\/v2\/product_cat?post=6533"},{"taxonomy":"product_tag","embeddable":true,"href":"https:\/\/agrarpetrovic.rs\/en\/wp-json\/wp\/v2\/product_tag?post=6533"}],"curies":[{"name":"wp","href":"https:\/\/api.w.org\/{rel}","templated":true}]}}