{"id":6534,"date":"2023-07-13T16:35:13","date_gmt":"2023-07-13T14:35:13","guid":{"rendered":"https:\/\/agrarpetrovic.rs\/?post_type=product&#038;p=6534"},"modified":"2023-07-13T16:35:54","modified_gmt":"2023-07-13T14:35:54","slug":"nadeshda-f1-krastavac-kornison","status":"publish","type":"product","link":"https:\/\/agrarpetrovic.rs\/en\/proizvod\/nadeshda-f1-krastavac-kornison\/","title":{"rendered":"Nadeshda\u00a0F1 &#8211; Krastavac korni\u0161on"},"content":{"rendered":"<p>Nadeshda F1 pripada novijoj Seminisovoj selekciji i pokazala je fantasti\u010dne rezultate u ovom segmentu. Prvenstveno je namenjena gajenju na otvorenom polju u klasi\u010dnoj proizvodnji na foliji ili na \u0161paliru u vertikalnom gajenju. Najraniji je i najprinosniji hibrid u ovom segmentu. Zametanje je perfektno, regeneracija plodova je nadprose\u010dna i ima odli\u010dnu toleranciju na plamenja\u010du. Broj 1 za njivske uslove.<\/p>\n<p>Rezistencija: Sc, CMV, PM<\/p>","protected":false},"excerpt":{"rendered":"<p>Ime hibrida: Nadeshda\u00a0 F1<\/p>\n<p>Tip ploda: Krupno bradavi\u010dast<\/p>\n<p>Ranostasnost: Rani<\/p>\n<p>Gajenje: Otvoreno polje<\/p>","protected":false},"featured_media":6607,"template":"","meta":[],"product_brand":[],"product_cat":[379,383,384,378,349,335],"product_tag":[],"class_list":{"0":"post-6534","1":"product","2":"type-product","3":"status-publish","4":"has-post-thumbnail","6":"product_cat-krastavac","7":"product_cat-krastavac-kornison","8":"product_cat-krupno-bradavicasti-kornison","9":"product_cat-seme-krastavca-i-tikvice","10":"product_cat-seme-povrca","11":"product_cat-semenska-roba","13":"first","14":"instock","15":"shipping-taxable","16":"product-type-simple"},"_links":{"self":[{"href":"https:\/\/agrarpetrovic.rs\/en\/wp-json\/wp\/v2\/product\/6534","targetHints":{"allow":["GET"]}}],"collection":[{"href":"https:\/\/agrarpetrovic.rs\/en\/wp-json\/wp\/v2\/product"}],"about":[{"href":"https:\/\/agrarpetrovic.rs\/en\/wp-json\/wp\/v2\/types\/product"}],"wp:featuredmedia":[{"embeddable":true,"href":"https:\/\/agrarpetrovic.rs\/en\/wp-json\/wp\/v2\/media\/6607"}],"wp:attachment":[{"href":"https:\/\/agrarpetrovic.rs\/en\/wp-json\/wp\/v2\/media?parent=6534"}],"wp:term":[{"taxonomy":"product_brand","embeddable":true,"href":"https:\/\/agrarpetrovic.rs\/en\/wp-json\/wp\/v2\/product_brand?post=6534"},{"taxonomy":"product_cat","embeddable":true,"href":"https:\/\/agrarpetrovic.rs\/en\/wp-json\/wp\/v2\/product_cat?post=6534"},{"taxonomy":"product_tag","embeddable":true,"href":"https:\/\/agrarpetrovic.rs\/en\/wp-json\/wp\/v2\/product_tag?post=6534"}],"curies":[{"name":"wp","href":"https:\/\/api.w.org\/{rel}","templated":true}]}}