{"id":6535,"date":"2023-07-13T16:35:13","date_gmt":"2023-07-13T14:35:13","guid":{"rendered":"https:\/\/agrarpetrovic.rs\/?post_type=product&#038;p=6535"},"modified":"2023-07-13T16:35:55","modified_gmt":"2023-07-13T14:35:55","slug":"mirabelle-f1-kornison","status":"publish","type":"product","link":"https:\/\/agrarpetrovic.rs\/en\/proizvod\/mirabelle-f1-kornison\/","title":{"rendered":"Mirabelle F1 &#8211; Korni\u0161on"},"content":{"rendered":"<p>Mirabelle F1 je vrlo ran partenokarpni bradavi\u010dasti hibrid sna\u017enog habitusa i visokog prinosa. Prednost Mirabelle je da u odnosu na druge hibride u ranoj proizvodnji zame\u0107e ve\u0107i broj plodova po kolencu. Plodovi su odnosa 3,3:1 du\u017eina naspram \u0161irine, bez gor\u010dine su i imaju jako lepu zelenu boju i pravilan cilindri\u010dni oblik.<\/p>\n<p>Rezistencija: Sc, CMV, PM<\/p>","protected":false},"excerpt":{"rendered":"<p>Ime hibrida: Mirabelle F1<\/p>\n<p>Tip ploda: Bradavi\u010dast<\/p>\n<p>Ranostasnost: Rani<\/p>\n<p>Gajenje: Za\u0161ti\u0107en prostor<\/p>","protected":false},"featured_media":6610,"template":"","meta":[],"product_brand":[],"product_cat":[379,383,384,378,335],"product_tag":[],"class_list":{"0":"post-6535","1":"product","2":"type-product","3":"status-publish","4":"has-post-thumbnail","6":"product_cat-krastavac","7":"product_cat-krastavac-kornison","8":"product_cat-krupno-bradavicasti-kornison","9":"product_cat-seme-krastavca-i-tikvice","10":"product_cat-semenska-roba","12":"first","13":"instock","14":"shipping-taxable","15":"product-type-simple"},"_links":{"self":[{"href":"https:\/\/agrarpetrovic.rs\/en\/wp-json\/wp\/v2\/product\/6535","targetHints":{"allow":["GET"]}}],"collection":[{"href":"https:\/\/agrarpetrovic.rs\/en\/wp-json\/wp\/v2\/product"}],"about":[{"href":"https:\/\/agrarpetrovic.rs\/en\/wp-json\/wp\/v2\/types\/product"}],"wp:featuredmedia":[{"embeddable":true,"href":"https:\/\/agrarpetrovic.rs\/en\/wp-json\/wp\/v2\/media\/6610"}],"wp:attachment":[{"href":"https:\/\/agrarpetrovic.rs\/en\/wp-json\/wp\/v2\/media?parent=6535"}],"wp:term":[{"taxonomy":"product_brand","embeddable":true,"href":"https:\/\/agrarpetrovic.rs\/en\/wp-json\/wp\/v2\/product_brand?post=6535"},{"taxonomy":"product_cat","embeddable":true,"href":"https:\/\/agrarpetrovic.rs\/en\/wp-json\/wp\/v2\/product_cat?post=6535"},{"taxonomy":"product_tag","embeddable":true,"href":"https:\/\/agrarpetrovic.rs\/en\/wp-json\/wp\/v2\/product_tag?post=6535"}],"curies":[{"name":"wp","href":"https:\/\/api.w.org\/{rel}","templated":true}]}}