{"id":6536,"date":"2023-07-13T16:35:13","date_gmt":"2023-07-13T14:35:13","guid":{"rendered":"https:\/\/agrarpetrovic.rs\/?post_type=product&#038;p=6536"},"modified":"2023-07-13T16:35:57","modified_gmt":"2023-07-13T14:35:57","slug":"madita-f1-kornison","status":"publish","type":"product","link":"https:\/\/agrarpetrovic.rs\/en\/proizvod\/madita-f1-kornison\/","title":{"rendered":"Madita F1 &#8211; Korni\u0161on"},"content":{"rendered":"<p>Madita F1 je bradavi\u010dasti partenokarpni hibrid korni\u0161ona namenjen kako za prole\u0107nu tako i za letnju setvu na otvorenom i u za\u0161ti\u0107enom prostoru. Veoma je visokog ukupnog prinosa plodova izuzetnog kvaliteta i ujedna\u010denosti, odnosa 3,2:1. Poseduje nadprose\u010dnu toleranciju na plamenja\u010du.<\/p>\n<p>Rezistencija: Sc, CMV, PM, DM<\/p>","protected":false},"excerpt":{"rendered":"<p>Ime hibrida: Edona F1<\/p>\n<p>Tip ploda: Krupno\u00a0 bradavi\u010dast<\/p>\n<p>Ranostasnost: Rani<\/p>\n<p>Gajenje: Za\u0161ti\u0107en prostor<\/p>","protected":false},"featured_media":6613,"template":"","meta":[],"product_brand":[],"product_cat":[379,383,384,378,349,335],"product_tag":[],"class_list":{"0":"post-6536","1":"product","2":"type-product","3":"status-publish","4":"has-post-thumbnail","6":"product_cat-krastavac","7":"product_cat-krastavac-kornison","8":"product_cat-krupno-bradavicasti-kornison","9":"product_cat-seme-krastavca-i-tikvice","10":"product_cat-seme-povrca","11":"product_cat-semenska-roba","13":"first","14":"instock","15":"shipping-taxable","16":"product-type-simple"},"_links":{"self":[{"href":"https:\/\/agrarpetrovic.rs\/en\/wp-json\/wp\/v2\/product\/6536","targetHints":{"allow":["GET"]}}],"collection":[{"href":"https:\/\/agrarpetrovic.rs\/en\/wp-json\/wp\/v2\/product"}],"about":[{"href":"https:\/\/agrarpetrovic.rs\/en\/wp-json\/wp\/v2\/types\/product"}],"wp:featuredmedia":[{"embeddable":true,"href":"https:\/\/agrarpetrovic.rs\/en\/wp-json\/wp\/v2\/media\/6613"}],"wp:attachment":[{"href":"https:\/\/agrarpetrovic.rs\/en\/wp-json\/wp\/v2\/media?parent=6536"}],"wp:term":[{"taxonomy":"product_brand","embeddable":true,"href":"https:\/\/agrarpetrovic.rs\/en\/wp-json\/wp\/v2\/product_brand?post=6536"},{"taxonomy":"product_cat","embeddable":true,"href":"https:\/\/agrarpetrovic.rs\/en\/wp-json\/wp\/v2\/product_cat?post=6536"},{"taxonomy":"product_tag","embeddable":true,"href":"https:\/\/agrarpetrovic.rs\/en\/wp-json\/wp\/v2\/product_tag?post=6536"}],"curies":[{"name":"wp","href":"https:\/\/api.w.org\/{rel}","templated":true}]}}