{"id":6538,"date":"2023-07-13T16:35:13","date_gmt":"2023-07-13T14:35:13","guid":{"rendered":"https:\/\/agrarpetrovic.rs\/?post_type=product&#038;p=6538"},"modified":"2023-07-13T16:36:03","modified_gmt":"2023-07-13T14:36:03","slug":"eskenderany-f1-tikvica","status":"publish","type":"product","link":"https:\/\/agrarpetrovic.rs\/en\/proizvod\/eskenderany-f1-tikvica\/","title":{"rendered":"Eskenderany\u00a0F1 &#8211; Tikvica"},"content":{"rendered":"<p>Eskenderany F1 je vrlo rana, svetlo zelena tikvica pravilnih plodova du\u017eine od 16-19cm. Biljka je generativna, otvorenog habitusa, sna\u017ena i izuzetno dobre produk<\/p>\n<p>cije koja dosti\u017ee 1 plod po biljci dnevno. Mo\u017ee se gajiti tokom cele godine ali je najzastupljenija u najranijoj prole\u0107noj proizvodnji gde je po prinosu i kvalitetu vode\u0107i hibrid kod nas.<\/p>","protected":false},"excerpt":{"rendered":"<p>Naziv hibrida: Eskenderany F1<\/p>\n<p>Veli\u010dina ploda: 16-19 cm<\/p>\n<p>Ranostanost: Rana<\/p>\n<p>&nbsp;<\/p>","protected":false},"featured_media":6617,"template":"","meta":[],"product_brand":[],"product_cat":[378,335,385],"product_tag":[],"class_list":{"0":"post-6538","1":"product","2":"type-product","3":"status-publish","4":"has-post-thumbnail","6":"product_cat-seme-krastavca-i-tikvice","7":"product_cat-semenska-roba","8":"product_cat-tikvice","10":"first","11":"instock","12":"shipping-taxable","13":"product-type-simple"},"_links":{"self":[{"href":"https:\/\/agrarpetrovic.rs\/en\/wp-json\/wp\/v2\/product\/6538","targetHints":{"allow":["GET"]}}],"collection":[{"href":"https:\/\/agrarpetrovic.rs\/en\/wp-json\/wp\/v2\/product"}],"about":[{"href":"https:\/\/agrarpetrovic.rs\/en\/wp-json\/wp\/v2\/types\/product"}],"wp:featuredmedia":[{"embeddable":true,"href":"https:\/\/agrarpetrovic.rs\/en\/wp-json\/wp\/v2\/media\/6617"}],"wp:attachment":[{"href":"https:\/\/agrarpetrovic.rs\/en\/wp-json\/wp\/v2\/media?parent=6538"}],"wp:term":[{"taxonomy":"product_brand","embeddable":true,"href":"https:\/\/agrarpetrovic.rs\/en\/wp-json\/wp\/v2\/product_brand?post=6538"},{"taxonomy":"product_cat","embeddable":true,"href":"https:\/\/agrarpetrovic.rs\/en\/wp-json\/wp\/v2\/product_cat?post=6538"},{"taxonomy":"product_tag","embeddable":true,"href":"https:\/\/agrarpetrovic.rs\/en\/wp-json\/wp\/v2\/product_tag?post=6538"}],"curies":[{"name":"wp","href":"https:\/\/api.w.org\/{rel}","templated":true}]}}