{"id":6571,"date":"2023-07-13T16:35:36","date_gmt":"2023-07-13T14:35:36","guid":{"rendered":"https:\/\/agrarpetrovic.rs\/?post_type=product&#038;p=6571"},"modified":"2023-07-13T16:36:07","modified_gmt":"2023-07-13T14:36:07","slug":"bonta-f1-lubenica","status":"publish","type":"product","link":"https:\/\/agrarpetrovic.rs\/en\/proizvod\/bonta-f1-lubenica\/","title":{"rendered":"Bonta F1 &#8211; Lubenica"},"content":{"rendered":"<p>Bonta F1 je vrlo rani hibrid lubenice okruglih plodova te\u017eine do 10 kg. Biljka je sna\u017ena, bujna, sa odli\u010dnom pokriveno\u0161\u0107u plodova i veoma dobrom ujedna\u010deno\u0161\u0107u. Meso je tamno crvene boje, slatko i hrskavo. Bonta se u proizvodnji kod nas pokazala izuzetno dobro zato \u0161to je u odnosu na druge hibride iz ovog najranijeg segmenta pristizala do 5 dana ranije, a pru\u017eala bolji kvalitet i lak\u0161e se prodavala na tr\u017ei\u0161tu zbog svoje privla\u010dne spolja\u0161nosti.<\/p>","protected":false},"excerpt":{"rendered":"<p>Ime hibrida: Bonta F1<\/p>\n<p>Oblik ploda: Okruglast<\/p>\n<p>Masa Ploda: do 10 kg<\/p>\n<p>Boja mesa: Crvena<\/p>\n<p>Ranostasnost: Rana<\/p>\n<p>&nbsp;<\/p>","protected":false},"featured_media":6625,"template":"","meta":[],"product_brand":[],"product_cat":[388,387,386,349,335],"product_tag":[],"class_list":{"0":"post-6571","1":"product","2":"type-product","3":"status-publish","4":"has-post-thumbnail","6":"product_cat-grimson-sweet-tip-zelene-sare-na-plodu","7":"product_cat-lubenice","8":"product_cat-seme-lubenice-i-dinje","9":"product_cat-seme-povrca","10":"product_cat-semenska-roba","12":"first","13":"instock","14":"shipping-taxable","15":"product-type-simple"},"_links":{"self":[{"href":"https:\/\/agrarpetrovic.rs\/en\/wp-json\/wp\/v2\/product\/6571","targetHints":{"allow":["GET"]}}],"collection":[{"href":"https:\/\/agrarpetrovic.rs\/en\/wp-json\/wp\/v2\/product"}],"about":[{"href":"https:\/\/agrarpetrovic.rs\/en\/wp-json\/wp\/v2\/types\/product"}],"wp:featuredmedia":[{"embeddable":true,"href":"https:\/\/agrarpetrovic.rs\/en\/wp-json\/wp\/v2\/media\/6625"}],"wp:attachment":[{"href":"https:\/\/agrarpetrovic.rs\/en\/wp-json\/wp\/v2\/media?parent=6571"}],"wp:term":[{"taxonomy":"product_brand","embeddable":true,"href":"https:\/\/agrarpetrovic.rs\/en\/wp-json\/wp\/v2\/product_brand?post=6571"},{"taxonomy":"product_cat","embeddable":true,"href":"https:\/\/agrarpetrovic.rs\/en\/wp-json\/wp\/v2\/product_cat?post=6571"},{"taxonomy":"product_tag","embeddable":true,"href":"https:\/\/agrarpetrovic.rs\/en\/wp-json\/wp\/v2\/product_tag?post=6571"}],"curies":[{"name":"wp","href":"https:\/\/api.w.org\/{rel}","templated":true}]}}