{"id":6574,"date":"2023-07-13T16:35:36","date_gmt":"2023-07-13T14:35:36","guid":{"rendered":"https:\/\/agrarpetrovic.rs\/?post_type=product&#038;p=6574"},"modified":"2023-07-13T16:36:13","modified_gmt":"2023-07-13T14:36:13","slug":"eletta-f1-lubenica","status":"publish","type":"product","link":"https:\/\/agrarpetrovic.rs\/en\/proizvod\/eletta-f1-lubenica\/","title":{"rendered":"Eletta F1 &#8211; Lubenica"},"content":{"rendered":"<p>Eletta F1 je ve\u0107 dobro poznat srednje rani hibrid koji zbog svoje pouzdanosti u proizvodnji stalno pove\u0107ava svoj udeo u na tr\u017ei\u0161tu.Plodovi su ovalnog oblika te\u017eine 12-15kg, dobre ujedna\u010denosti i lepe spolja\u0161nosti. Meso je svetlo crvene boje, sa visokim sadr\u017eajem \u0161e\u0107era, odli\u010dnog ukusa i sa vrlo malim brojem semenki. Otporna je na pucanje i vrlo dobro podnosi transport. Biljka je bujna sa dobrom lisnom masom koja obezbe\u0111uje dobru pokrivenost plodova. Formira prose\u010dno tri ploda po jednoj vre\u017ei.<\/p>","protected":false},"excerpt":{"rendered":"<p>Ime hibrida: Eletta F1<\/p>\n<p>Oblik ploda: Izdu\u017eeno ovalana<\/p>\n<p>Masa Ploda: do 12-15 kg<\/p>\n<p>Boja mesa: Crvena<\/p>\n<p>Ranostasnost:Srednje\u00a0 rana<\/p>","protected":false},"featured_media":6635,"template":"","meta":[],"product_brand":[],"product_cat":[388,387,386,349,335],"product_tag":[],"class_list":{"0":"post-6574","1":"product","2":"type-product","3":"status-publish","4":"has-post-thumbnail","6":"product_cat-grimson-sweet-tip-zelene-sare-na-plodu","7":"product_cat-lubenice","8":"product_cat-seme-lubenice-i-dinje","9":"product_cat-seme-povrca","10":"product_cat-semenska-roba","12":"first","13":"instock","14":"shipping-taxable","15":"product-type-simple"},"_links":{"self":[{"href":"https:\/\/agrarpetrovic.rs\/en\/wp-json\/wp\/v2\/product\/6574","targetHints":{"allow":["GET"]}}],"collection":[{"href":"https:\/\/agrarpetrovic.rs\/en\/wp-json\/wp\/v2\/product"}],"about":[{"href":"https:\/\/agrarpetrovic.rs\/en\/wp-json\/wp\/v2\/types\/product"}],"wp:featuredmedia":[{"embeddable":true,"href":"https:\/\/agrarpetrovic.rs\/en\/wp-json\/wp\/v2\/media\/6635"}],"wp:attachment":[{"href":"https:\/\/agrarpetrovic.rs\/en\/wp-json\/wp\/v2\/media?parent=6574"}],"wp:term":[{"taxonomy":"product_brand","embeddable":true,"href":"https:\/\/agrarpetrovic.rs\/en\/wp-json\/wp\/v2\/product_brand?post=6574"},{"taxonomy":"product_cat","embeddable":true,"href":"https:\/\/agrarpetrovic.rs\/en\/wp-json\/wp\/v2\/product_cat?post=6574"},{"taxonomy":"product_tag","embeddable":true,"href":"https:\/\/agrarpetrovic.rs\/en\/wp-json\/wp\/v2\/product_tag?post=6574"}],"curies":[{"name":"wp","href":"https:\/\/api.w.org\/{rel}","templated":true}]}}