{"id":6575,"date":"2023-07-13T16:35:36","date_gmt":"2023-07-13T14:35:36","guid":{"rendered":"https:\/\/agrarpetrovic.rs\/?post_type=product&#038;p=6575"},"modified":"2023-07-13T16:36:17","modified_gmt":"2023-07-13T14:36:17","slug":"othello-f1-lubenica","status":"publish","type":"product","link":"https:\/\/agrarpetrovic.rs\/en\/proizvod\/othello-f1-lubenica\/","title":{"rendered":"Othello\u00a0F1 &#8211; Lubenica"},"content":{"rendered":"<p>Othello F1 je novi hibrid iz srednje ranog segmenta koji je u probnoj proizvodnji pokazao odli\u010dne rezultate. Plodovi su te\u017eine 12-14kg odli\u010dnog unutra\u0161njeg kvaliteta. Biljka je robusna, jake vre\u017ee sa bujnom lisnom masoma koja odli\u010dno \u0161titi plodove od sunca<\/p>","protected":false},"excerpt":{"rendered":"<p>Ime hibrida: Othello F1<\/p>\n<p>Oblik ploda: Izdu\u017eeno ovalan<\/p>\n<p>Masa Ploda: do 12-14 kg<\/p>\n<p>Boja mesa: Crvena<\/p>\n<p>Ranostasnost: Srednje rana<\/p>","protected":false},"featured_media":6638,"template":"","meta":[],"product_brand":[],"product_cat":[388,387,386,349,335],"product_tag":[],"class_list":{"0":"post-6575","1":"product","2":"type-product","3":"status-publish","4":"has-post-thumbnail","6":"product_cat-grimson-sweet-tip-zelene-sare-na-plodu","7":"product_cat-lubenice","8":"product_cat-seme-lubenice-i-dinje","9":"product_cat-seme-povrca","10":"product_cat-semenska-roba","12":"first","13":"instock","14":"shipping-taxable","15":"product-type-simple"},"_links":{"self":[{"href":"https:\/\/agrarpetrovic.rs\/en\/wp-json\/wp\/v2\/product\/6575","targetHints":{"allow":["GET"]}}],"collection":[{"href":"https:\/\/agrarpetrovic.rs\/en\/wp-json\/wp\/v2\/product"}],"about":[{"href":"https:\/\/agrarpetrovic.rs\/en\/wp-json\/wp\/v2\/types\/product"}],"wp:featuredmedia":[{"embeddable":true,"href":"https:\/\/agrarpetrovic.rs\/en\/wp-json\/wp\/v2\/media\/6638"}],"wp:attachment":[{"href":"https:\/\/agrarpetrovic.rs\/en\/wp-json\/wp\/v2\/media?parent=6575"}],"wp:term":[{"taxonomy":"product_brand","embeddable":true,"href":"https:\/\/agrarpetrovic.rs\/en\/wp-json\/wp\/v2\/product_brand?post=6575"},{"taxonomy":"product_cat","embeddable":true,"href":"https:\/\/agrarpetrovic.rs\/en\/wp-json\/wp\/v2\/product_cat?post=6575"},{"taxonomy":"product_tag","embeddable":true,"href":"https:\/\/agrarpetrovic.rs\/en\/wp-json\/wp\/v2\/product_tag?post=6575"}],"curies":[{"name":"wp","href":"https:\/\/api.w.org\/{rel}","templated":true}]}}