{"id":6576,"date":"2023-07-13T16:35:36","date_gmt":"2023-07-13T14:35:36","guid":{"rendered":"https:\/\/agrarpetrovic.rs\/?post_type=product&#038;p=6576"},"modified":"2023-07-13T16:36:18","modified_gmt":"2023-07-13T14:36:18","slug":"pata-negra-f1-lubenica","status":"publish","type":"product","link":"https:\/\/agrarpetrovic.rs\/en\/proizvod\/pata-negra-f1-lubenica\/","title":{"rendered":"Pata Negra\u00a0F1 &#8211; Lubenica"},"content":{"rendered":"<p>Pata Negra F1 je rani okrugli hibrid crne lubenice koji sazreva za oko 70 dana nakon rasa\u0111ivanja. Te\u017eina ploda je 6-8kg, a meso je jarko crvene boje i izuzetno slatko. Plodovi su okrugli, ujedna\u010deni sa lepom spolja\u0161njom bojom. Najprodavanija lubenica u ovom tipu na na\u0161en tr\u017ei\u0161tu.<\/p>","protected":false},"excerpt":{"rendered":"<p>Ime hibrida: Pata Negra F1<\/p>\n<p>Oblik ploda: Okruglast<\/p>\n<p>Masa Ploda: do 6-8 kg<\/p>\n<p>Boja mesa: Crvena<\/p>\n<p>Du\u017eina vegetacije: 70 dana od rasa\u0111ivanja<\/p>","protected":false},"featured_media":6643,"template":"","meta":[],"product_brand":[],"product_cat":[387,386,349,335,389],"product_tag":[],"class_list":{"0":"post-6576","1":"product","2":"type-product","3":"status-publish","4":"has-post-thumbnail","6":"product_cat-lubenice","7":"product_cat-seme-lubenice-i-dinje","8":"product_cat-seme-povrca","9":"product_cat-semenska-roba","10":"product_cat-sugar-baby-tip-crna-bez-sara","12":"first","13":"instock","14":"shipping-taxable","15":"product-type-simple"},"_links":{"self":[{"href":"https:\/\/agrarpetrovic.rs\/en\/wp-json\/wp\/v2\/product\/6576","targetHints":{"allow":["GET"]}}],"collection":[{"href":"https:\/\/agrarpetrovic.rs\/en\/wp-json\/wp\/v2\/product"}],"about":[{"href":"https:\/\/agrarpetrovic.rs\/en\/wp-json\/wp\/v2\/types\/product"}],"wp:featuredmedia":[{"embeddable":true,"href":"https:\/\/agrarpetrovic.rs\/en\/wp-json\/wp\/v2\/media\/6643"}],"wp:attachment":[{"href":"https:\/\/agrarpetrovic.rs\/en\/wp-json\/wp\/v2\/media?parent=6576"}],"wp:term":[{"taxonomy":"product_brand","embeddable":true,"href":"https:\/\/agrarpetrovic.rs\/en\/wp-json\/wp\/v2\/product_brand?post=6576"},{"taxonomy":"product_cat","embeddable":true,"href":"https:\/\/agrarpetrovic.rs\/en\/wp-json\/wp\/v2\/product_cat?post=6576"},{"taxonomy":"product_tag","embeddable":true,"href":"https:\/\/agrarpetrovic.rs\/en\/wp-json\/wp\/v2\/product_tag?post=6576"}],"curies":[{"name":"wp","href":"https:\/\/api.w.org\/{rel}","templated":true}]}}