{"id":6577,"date":"2023-07-13T16:35:36","date_gmt":"2023-07-13T14:35:36","guid":{"rendered":"https:\/\/agrarpetrovic.rs\/?post_type=product&#038;p=6577"},"modified":"2023-07-13T16:36:21","modified_gmt":"2023-07-13T14:36:21","slug":"tiger-baby-f1-lubenica","status":"publish","type":"product","link":"https:\/\/agrarpetrovic.rs\/en\/proizvod\/tiger-baby-f1-lubenica\/","title":{"rendered":"Tiger Baby\u00a0F1 &#8211; Lubenica"},"content":{"rendered":"<p>Tiger Baby F1 je visoko prinosan hibrid lubenice u takozvanom ice-box tipu. Plodovi su okrugli do blago ovalni, svetlo zeleni sa tamno zelenim prugama, atraktivnog izgleda i izuzetnog unutra\u0161njeg kvaliteta. Meso je so\u010dno, jarke crvene boje i vrlo zbijeno. Te\u017eina plodova je oko 5kg \u0161to je krupno\u0107a koja se sve vi\u0161e tra\u017ei na na\u0161em tr\u017ei\u0161tu i postaje sve zastupljenija u ponudi.<br \/>\nOvaj tip lubenice je idealan za plasman u supermarkete i na inostrano tr\u017ei\u0161te.<\/p>","protected":false},"excerpt":{"rendered":"<p>Ime hibrida: Tiger Baby F1<\/p>\n<p>Oblik ploda: Okruglast<\/p>\n<p>Masa Ploda:\u00a0 5 kg<\/p>\n<p>Boja mesa: Crvena<\/p>\n<p>&nbsp;<\/p>","protected":false},"featured_media":6645,"template":"","meta":[],"product_brand":[],"product_cat":[390,387,386,349,335],"product_tag":[],"class_list":{"0":"post-6577","1":"product","2":"type-product","3":"status-publish","4":"has-post-thumbnail","6":"product_cat-ice-box-tip-svetlo-zelena-sa-tamno-zelenim-sarama","7":"product_cat-lubenice","8":"product_cat-seme-lubenice-i-dinje","9":"product_cat-seme-povrca","10":"product_cat-semenska-roba","12":"first","13":"instock","14":"shipping-taxable","15":"product-type-simple"},"_links":{"self":[{"href":"https:\/\/agrarpetrovic.rs\/en\/wp-json\/wp\/v2\/product\/6577","targetHints":{"allow":["GET"]}}],"collection":[{"href":"https:\/\/agrarpetrovic.rs\/en\/wp-json\/wp\/v2\/product"}],"about":[{"href":"https:\/\/agrarpetrovic.rs\/en\/wp-json\/wp\/v2\/types\/product"}],"wp:featuredmedia":[{"embeddable":true,"href":"https:\/\/agrarpetrovic.rs\/en\/wp-json\/wp\/v2\/media\/6645"}],"wp:attachment":[{"href":"https:\/\/agrarpetrovic.rs\/en\/wp-json\/wp\/v2\/media?parent=6577"}],"wp:term":[{"taxonomy":"product_brand","embeddable":true,"href":"https:\/\/agrarpetrovic.rs\/en\/wp-json\/wp\/v2\/product_brand?post=6577"},{"taxonomy":"product_cat","embeddable":true,"href":"https:\/\/agrarpetrovic.rs\/en\/wp-json\/wp\/v2\/product_cat?post=6577"},{"taxonomy":"product_tag","embeddable":true,"href":"https:\/\/agrarpetrovic.rs\/en\/wp-json\/wp\/v2\/product_tag?post=6577"}],"curies":[{"name":"wp","href":"https:\/\/api.w.org\/{rel}","templated":true}]}}