{"id":6578,"date":"2023-07-13T16:35:36","date_gmt":"2023-07-13T14:35:36","guid":{"rendered":"https:\/\/agrarpetrovic.rs\/?post_type=product&#038;p=6578"},"modified":"2023-07-13T16:36:26","modified_gmt":"2023-07-13T14:36:26","slug":"bambolino-f1-lubenica","status":"publish","type":"product","link":"https:\/\/agrarpetrovic.rs\/en\/proizvod\/bambolino-f1-lubenica\/","title":{"rendered":"Bambolino\u00a0F1 &#8211; Lubenica"},"content":{"rendered":"<p>Bambolino F1 je triploidna (besemena) lubenica ekstra kvaliteta. Daje veliki broj plodova po biljci i po ukupnom prinosu se mo\u017ee meriti sa standardnim hibridima. Plodovi su okrugli, zelene boje, sa te\u017einom oko 2kg. Ima izuzetno duga\u010dak period branja i odli\u010dno podnosi skladi\u0161tenje i transport. Kao opra\u0161iva\u010d preporu\u010duje se hibrid Tiger Baby.<\/p>","protected":false},"excerpt":{"rendered":"<p>Ime hibrida: Bambolino F1<\/p>\n<p>Oblik ploda: Okruglast<\/p>\n<p>Masa Ploda: 2 kg<\/p>\n<p>Boja mesa: Crvena<\/p>\n<p>&nbsp;<\/p>","protected":false},"featured_media":6648,"template":"","meta":[],"product_brand":[],"product_cat":[387,386,349,335,391],"product_tag":[],"class_list":{"0":"post-6578","1":"product","2":"type-product","3":"status-publish","4":"has-post-thumbnail","6":"product_cat-lubenice","7":"product_cat-seme-lubenice-i-dinje","8":"product_cat-seme-povrca","9":"product_cat-semenska-roba","10":"product_cat-triploidni-tip-besemena","12":"first","13":"instock","14":"shipping-taxable","15":"product-type-simple"},"_links":{"self":[{"href":"https:\/\/agrarpetrovic.rs\/en\/wp-json\/wp\/v2\/product\/6578","targetHints":{"allow":["GET"]}}],"collection":[{"href":"https:\/\/agrarpetrovic.rs\/en\/wp-json\/wp\/v2\/product"}],"about":[{"href":"https:\/\/agrarpetrovic.rs\/en\/wp-json\/wp\/v2\/types\/product"}],"wp:featuredmedia":[{"embeddable":true,"href":"https:\/\/agrarpetrovic.rs\/en\/wp-json\/wp\/v2\/media\/6648"}],"wp:attachment":[{"href":"https:\/\/agrarpetrovic.rs\/en\/wp-json\/wp\/v2\/media?parent=6578"}],"wp:term":[{"taxonomy":"product_brand","embeddable":true,"href":"https:\/\/agrarpetrovic.rs\/en\/wp-json\/wp\/v2\/product_brand?post=6578"},{"taxonomy":"product_cat","embeddable":true,"href":"https:\/\/agrarpetrovic.rs\/en\/wp-json\/wp\/v2\/product_cat?post=6578"},{"taxonomy":"product_tag","embeddable":true,"href":"https:\/\/agrarpetrovic.rs\/en\/wp-json\/wp\/v2\/product_tag?post=6578"}],"curies":[{"name":"wp","href":"https:\/\/api.w.org\/{rel}","templated":true}]}}