{"id":6579,"date":"2023-07-13T16:35:37","date_gmt":"2023-07-13T14:35:37","guid":{"rendered":"https:\/\/agrarpetrovic.rs\/?post_type=product&#038;p=6579"},"modified":"2023-08-18T12:47:54","modified_gmt":"2023-08-18T10:47:54","slug":"centro-f1-dinja","status":"publish","type":"product","link":"https:\/\/agrarpetrovic.rs\/en\/proizvod\/centro-f1-dinja\/","title":{"rendered":"Centro F1- Dinja"},"content":{"rendered":"<p>Centro F1 je najpoznatiji hibrid dinje u Cantaloupe tipu, vrlo ranog pristizanja, sa plodovima krupno\u0107e od 2-2,5kg. Biljka je vrlo brzog porasta sa bujnom lisnom masom otporna na pepelnicu i fuzarium. Visok sadr\u017eaj \u0161e\u0107era i izuzetno aromati\u010dan ukus izdvaja Centro u odnosu na ostale hibride. Odli\u010dno podnosi transport i stajanje na tezgi. Pored njivske gaji se i u ranoj plasteni\u010dkoj proizvodnji gde pokazuje vlo dobro zametanje i plodono\u0161enje.<\/p>","protected":false},"excerpt":{"rendered":"<p>Ime hibrida: Centro F1<\/p>\n<p>Oblik ploda: Izdu\u017een ovalan<\/p>\n<p>Masa Ploda: 2-2,5 kg<\/p>\n<p>Boja mesa: \u017duta<\/p>\n<p>Ranostasnost: Rana<\/p>","protected":false},"featured_media":6651,"template":"","meta":[],"product_brand":[],"product_cat":[393,392,386,335],"product_tag":[],"class_list":{"0":"post-6579","1":"product","2":"type-product","3":"status-publish","4":"has-post-thumbnail","6":"product_cat-cantaloupe-tip-kriskasta-sa-izrazenom-mrezavoscu","7":"product_cat-dinje","8":"product_cat-seme-lubenice-i-dinje","9":"product_cat-semenska-roba","11":"first","12":"instock","13":"shipping-taxable","14":"purchasable","15":"product-type-simple"},"_links":{"self":[{"href":"https:\/\/agrarpetrovic.rs\/en\/wp-json\/wp\/v2\/product\/6579","targetHints":{"allow":["GET"]}}],"collection":[{"href":"https:\/\/agrarpetrovic.rs\/en\/wp-json\/wp\/v2\/product"}],"about":[{"href":"https:\/\/agrarpetrovic.rs\/en\/wp-json\/wp\/v2\/types\/product"}],"wp:featuredmedia":[{"embeddable":true,"href":"https:\/\/agrarpetrovic.rs\/en\/wp-json\/wp\/v2\/media\/6651"}],"wp:attachment":[{"href":"https:\/\/agrarpetrovic.rs\/en\/wp-json\/wp\/v2\/media?parent=6579"}],"wp:term":[{"taxonomy":"product_brand","embeddable":true,"href":"https:\/\/agrarpetrovic.rs\/en\/wp-json\/wp\/v2\/product_brand?post=6579"},{"taxonomy":"product_cat","embeddable":true,"href":"https:\/\/agrarpetrovic.rs\/en\/wp-json\/wp\/v2\/product_cat?post=6579"},{"taxonomy":"product_tag","embeddable":true,"href":"https:\/\/agrarpetrovic.rs\/en\/wp-json\/wp\/v2\/product_tag?post=6579"}],"curies":[{"name":"wp","href":"https:\/\/api.w.org\/{rel}","templated":true}]}}