{"id":6580,"date":"2023-07-13T16:35:37","date_gmt":"2023-07-13T14:35:37","guid":{"rendered":"https:\/\/agrarpetrovic.rs\/?post_type=product&#038;p=6580"},"modified":"2023-08-08T09:47:33","modified_gmt":"2023-08-08T07:47:33","slug":"supra-f1-dinja","status":"publish","type":"product","link":"https:\/\/agrarpetrovic.rs\/en\/proizvod\/supra-f1-dinja\/","title":{"rendered":"Supra\u00a0F1 &#8211; Dinja"},"content":{"rendered":"<p>Supra F1 je rani hibrid dinje u galia tipu. Prose\u010dna te\u017eina plodova je 2-2,5kg. Isti\u010de se svojom ranostasno\u0161\u0107u i ujedna\u010denim plodono\u0161enjem. Dobro podnosi transport i stojanje na tezgi bez gubitka kvaliteta. Plodovi su pravilnog okruglog oblika sa zelenom bojom mesa. Semena lo\u017ea je vrlo mala i lako se odvaja od mesa. Meso je vrlo so\u010dno i izuzetno slatko. Mo\u017ee se podjednako dobro gajiti kako u plastenicima tako i na otvorenom polju.<\/p>","protected":false},"excerpt":{"rendered":"<p>Ime hibrida: Supra F1<\/p>\n<p>Oblik ploda: Okruglast<\/p>\n<p>Masa Ploda: 2-2,5 kg<\/p>\n<p>Ranostasnost: Rana<\/p>","protected":false},"featured_media":6655,"template":"","meta":[],"product_brand":[],"product_cat":[392,394,386,335],"product_tag":[],"class_list":{"0":"post-6580","1":"product","2":"type-product","3":"status-publish","4":"has-post-thumbnail","6":"product_cat-dinje","7":"product_cat-galia-tip-tanka-mrezasta-kora-bez-rebara","8":"product_cat-seme-lubenice-i-dinje","9":"product_cat-semenska-roba","11":"first","12":"instock","13":"shipping-taxable","14":"purchasable","15":"product-type-simple"},"_links":{"self":[{"href":"https:\/\/agrarpetrovic.rs\/en\/wp-json\/wp\/v2\/product\/6580","targetHints":{"allow":["GET"]}}],"collection":[{"href":"https:\/\/agrarpetrovic.rs\/en\/wp-json\/wp\/v2\/product"}],"about":[{"href":"https:\/\/agrarpetrovic.rs\/en\/wp-json\/wp\/v2\/types\/product"}],"wp:featuredmedia":[{"embeddable":true,"href":"https:\/\/agrarpetrovic.rs\/en\/wp-json\/wp\/v2\/media\/6655"}],"wp:attachment":[{"href":"https:\/\/agrarpetrovic.rs\/en\/wp-json\/wp\/v2\/media?parent=6580"}],"wp:term":[{"taxonomy":"product_brand","embeddable":true,"href":"https:\/\/agrarpetrovic.rs\/en\/wp-json\/wp\/v2\/product_brand?post=6580"},{"taxonomy":"product_cat","embeddable":true,"href":"https:\/\/agrarpetrovic.rs\/en\/wp-json\/wp\/v2\/product_cat?post=6580"},{"taxonomy":"product_tag","embeddable":true,"href":"https:\/\/agrarpetrovic.rs\/en\/wp-json\/wp\/v2\/product_tag?post=6580"}],"curies":[{"name":"wp","href":"https:\/\/api.w.org\/{rel}","templated":true}]}}