{"id":6581,"date":"2023-07-13T16:35:37","date_gmt":"2023-07-13T14:35:37","guid":{"rendered":"https:\/\/agrarpetrovic.rs\/?post_type=product&#038;p=6581"},"modified":"2023-07-13T16:36:33","modified_gmt":"2023-07-13T14:36:33","slug":"polinyka-f1-dinja","status":"publish","type":"product","link":"https:\/\/agrarpetrovic.rs\/en\/proizvod\/polinyka-f1-dinja\/","title":{"rendered":"Polinyka\u00a0F1 &#8211; Dinja"},"content":{"rendered":"<p>Polinyka F1 je rani hibrid dinje u galia tipu. U na\u0161im proizvodnim uslovima je postigla odli\u010dne rezultate u najranijoj njivskoj proizvodnji. Plodovi su oko 2 kg, zelenog mesa, so\u010dni i ukusni. Ima dobro zametanje i uspeva da odr\u017ei plodove u promenjljivim prole\u0107nim uslovima.<\/p>","protected":false},"excerpt":{"rendered":"<p>Ime hibrida: Polinka F1<\/p>\n<p>Oblik ploda: Okruglast<\/p>\n<p>Masa Ploda: 2 kg<\/p>\n<p>Ranostasnost: Rana<\/p>","protected":false},"featured_media":6659,"template":"","meta":[],"product_brand":[],"product_cat":[392,394,349,335],"product_tag":[],"class_list":{"0":"post-6581","1":"product","2":"type-product","3":"status-publish","4":"has-post-thumbnail","6":"product_cat-dinje","7":"product_cat-galia-tip-tanka-mrezasta-kora-bez-rebara","8":"product_cat-seme-povrca","9":"product_cat-semenska-roba","11":"first","12":"instock","13":"shipping-taxable","14":"product-type-simple"},"_links":{"self":[{"href":"https:\/\/agrarpetrovic.rs\/en\/wp-json\/wp\/v2\/product\/6581","targetHints":{"allow":["GET"]}}],"collection":[{"href":"https:\/\/agrarpetrovic.rs\/en\/wp-json\/wp\/v2\/product"}],"about":[{"href":"https:\/\/agrarpetrovic.rs\/en\/wp-json\/wp\/v2\/types\/product"}],"wp:featuredmedia":[{"embeddable":true,"href":"https:\/\/agrarpetrovic.rs\/en\/wp-json\/wp\/v2\/media\/6659"}],"wp:attachment":[{"href":"https:\/\/agrarpetrovic.rs\/en\/wp-json\/wp\/v2\/media?parent=6581"}],"wp:term":[{"taxonomy":"product_brand","embeddable":true,"href":"https:\/\/agrarpetrovic.rs\/en\/wp-json\/wp\/v2\/product_brand?post=6581"},{"taxonomy":"product_cat","embeddable":true,"href":"https:\/\/agrarpetrovic.rs\/en\/wp-json\/wp\/v2\/product_cat?post=6581"},{"taxonomy":"product_tag","embeddable":true,"href":"https:\/\/agrarpetrovic.rs\/en\/wp-json\/wp\/v2\/product_tag?post=6581"}],"curies":[{"name":"wp","href":"https:\/\/api.w.org\/{rel}","templated":true}]}}