{"id":7153,"date":"2025-05-18T22:52:48","date_gmt":"2025-05-18T20:52:48","guid":{"rendered":"https:\/\/agrarpetrovic.rs\/proizvod\/acustic-dodin-400g-l-1-l\/"},"modified":"2025-10-23T11:55:02","modified_gmt":"2025-10-23T09:55:02","slug":"acustic-dodin-400g-l-1-l","status":"publish","type":"product","link":"https:\/\/agrarpetrovic.rs\/en\/proizvod\/acustic-dodin-400g-l-1-l\/","title":{"rendered":"ACUSTIC 1l &#8211; Fungicid"},"content":{"rendered":"<p><strong>Klasa<\/strong>: Fungicidi<\/p>\n<p><strong>Aktivne materije:<\/strong> Dodin<\/p>\n<p><strong>Proizvo\u0111a\u010d<\/strong>: GALENIKA-FITOFARMACIJA a.d.<\/p>\n<p><strong>Formulacija<\/strong>: koncentrovana suspenzija &#8211; SC<\/p>\n<p><strong>Delovanje<\/strong>: Dodin je jedinjenje koje pripada grupi guanidina (FRAC: U12). Odlikuje ga nespecifi\u010dan mehanizam delovanja. Remeti \u0107elijske membrane, pove\u0107ava njihovu propustljivost \u0161to dovodi do curenja \u0107elijskog sadr\u017eaja iz protoplazme u intercelularne prostore (citoliza). Inhibira i odre\u0111ene intercelularne enzime kod gljiva. Preventivno delovanje ispoljava tako \u0161to inhibira klijanje spora kod fitopatogenih gljiva, a blago kurativno delovanje inhibiraju\u0107i porast klicine cevi pri primeni 48 h nakon ostvarene infekcije. Nakon aplikacije se vezuje za vo\u0161tani sloj lista \u0161to pokazuje da poseduje otpornost na spiranje ki\u0161om. Ima povoljna toksikolo\u0161ka i ekotoksikolo\u0161ka svojstva. Mo\u017ee do\u0107i do fitotoksi\u010dnosti ukoliko nakon primene u fenofazi precvetavanja temperatura padne ispod 5\u00b0C.<\/p>\n<p><strong>Karenca<\/strong>:<\/p>\n<ul>\n<li>21 dan &#8211; jabuka<\/li>\n<li>14 dana &#8211; vi\u0161nja, tre\u0161nja<\/li>\n<li>OVP &#8211; breskva<\/li>\n<\/ul>\n<p><strong>Koncentracija<\/strong>: 0,15-0.25%<\/p>\n<p><strong>Primena<\/strong>: jabuka, vi\u0161nja, tre\u0161nja, breskva<\/p>","protected":false},"excerpt":{"rendered":"<p>Lokalsistemi\u010dni fungicid sa protektivnim i izvesnim kurativnim delovanjem, namenjen za suzbijanje patogena u vo\u0107arstvu<\/p>","protected":false},"featured_media":7394,"template":"","meta":[],"product_brand":[414],"product_cat":[415],"product_tag":[416],"class_list":{"0":"post-7153","1":"product","2":"type-product","3":"status-publish","4":"has-post-thumbnail","6":"product_brand-galenika","7":"product_cat-fungicidi-2","8":"product_tag-dodin","10":"first","11":"outofstock","12":"purchasable","13":"product-type-simple"},"_links":{"self":[{"href":"https:\/\/agrarpetrovic.rs\/en\/wp-json\/wp\/v2\/product\/7153","targetHints":{"allow":["GET"]}}],"collection":[{"href":"https:\/\/agrarpetrovic.rs\/en\/wp-json\/wp\/v2\/product"}],"about":[{"href":"https:\/\/agrarpetrovic.rs\/en\/wp-json\/wp\/v2\/types\/product"}],"wp:featuredmedia":[{"embeddable":true,"href":"https:\/\/agrarpetrovic.rs\/en\/wp-json\/wp\/v2\/media\/7394"}],"wp:attachment":[{"href":"https:\/\/agrarpetrovic.rs\/en\/wp-json\/wp\/v2\/media?parent=7153"}],"wp:term":[{"taxonomy":"product_brand","embeddable":true,"href":"https:\/\/agrarpetrovic.rs\/en\/wp-json\/wp\/v2\/product_brand?post=7153"},{"taxonomy":"product_cat","embeddable":true,"href":"https:\/\/agrarpetrovic.rs\/en\/wp-json\/wp\/v2\/product_cat?post=7153"},{"taxonomy":"product_tag","embeddable":true,"href":"https:\/\/agrarpetrovic.rs\/en\/wp-json\/wp\/v2\/product_tag?post=7153"}],"curies":[{"name":"wp","href":"https:\/\/api.w.org\/{rel}","templated":true}]}}