{"id":7155,"date":"2025-05-18T22:52:48","date_gmt":"2025-05-18T20:52:48","guid":{"rendered":"https:\/\/agrarpetrovic.rs\/proizvod\/akord-tebukonazol-250-g-l-100-ml\/"},"modified":"2025-10-23T11:55:02","modified_gmt":"2025-10-23T09:55:02","slug":"akord-tebukonazol-250-g-l-100-ml","status":"publish","type":"product","link":"https:\/\/agrarpetrovic.rs\/en\/proizvod\/akord-tebukonazol-250-g-l-100-ml\/","title":{"rendered":"AKORD 100l &#8211; Fungicid"},"content":{"rendered":"<p><strong>Klasa<\/strong>: Fungicidi<\/p>\n<p><strong>Aktivne materije:<\/strong> Tebukonazol<\/p>\n<p><strong>Proizvo\u0111a\u010d<\/strong>: GALENIKA-FITOFARMACIJA a.d.<\/p>\n<p><strong>Formulacija<\/strong>: koncentrat za emulziju &#8211; EC<\/p>\n<p><strong>Delovanje<\/strong>: Akord je sistemi\u010dni fungicid koji sadr\u017ei aktivnu supstancu tebukonazol, iz grupe triazola. Mehanizam delovanja triazola je u inhibiciji enzima koji imaju ulogu u sintezi ergosterola. Ergosterol ulazi u sastav \u0107elijskih zidova i neophodan je za njihovo normalno funkcionisanje. upotrba Akorda dovodi do nekontrolisanog rasta gljiva i njihovog uginu\u0107a. Primenjuje se preventivno i u ranom postinfekcionom periodu, nakon klijanja gljiva, jer one imaju dovoljno ergosterola, preporu\u010duje se aplikacija na samom po\u010detku infekcionog procesa.<\/p>\n<p><strong>Karenca<\/strong>:<\/p>\n<ul>\n<li>7 dana &#8211; breskva, kajsija, tikva, bundeva, tikvica, dinja, lubenica<\/li>\n<li>14 dana &#8211; malina, kupina, orah<\/li>\n<li>21 dan &#8211; paradajz, vi\u0161nja, \u0161ljiva, vinova loza, jagoda, mrkva, per\u0161un, celer, pa\u0161trnak<\/li>\n<li>obezbe\u0111ena vremenom primene &#8211; p\u0161enica<\/li>\n<\/ul>\n<p><strong>Koncentracija<\/strong>: 0,4-1 l\/ha<br \/>\n0,05%<\/p>\n<p><strong>Primena<\/strong>: vi\u0161nja, \u0161ljiva, vinova loza, jagoda, malina, kupina, breskva, kajsija, orah, p\u0161enica, paradajz, tikva, bundeva, tikvica, dinja, lubenica, mrkva, per\u0161un, pa\u0161trnak, celer<\/p>","protected":false},"excerpt":{"rendered":"<p>Sistemi\u010dni fungicid \u0161irokog spektra delovanja za primenu u vo\u0107arstvu, povrtarstvu, vinovoj lozi i p\u0161enici<\/p>","protected":false},"featured_media":7416,"template":"","meta":[],"product_brand":[414],"product_cat":[415],"product_tag":[417],"class_list":{"0":"post-7155","1":"product","2":"type-product","3":"status-publish","4":"has-post-thumbnail","6":"product_brand-galenika","7":"product_cat-fungicidi-2","8":"product_tag-tebukonazol","10":"first","11":"outofstock","12":"purchasable","13":"product-type-simple"},"_links":{"self":[{"href":"https:\/\/agrarpetrovic.rs\/en\/wp-json\/wp\/v2\/product\/7155","targetHints":{"allow":["GET"]}}],"collection":[{"href":"https:\/\/agrarpetrovic.rs\/en\/wp-json\/wp\/v2\/product"}],"about":[{"href":"https:\/\/agrarpetrovic.rs\/en\/wp-json\/wp\/v2\/types\/product"}],"wp:featuredmedia":[{"embeddable":true,"href":"https:\/\/agrarpetrovic.rs\/en\/wp-json\/wp\/v2\/media\/7416"}],"wp:attachment":[{"href":"https:\/\/agrarpetrovic.rs\/en\/wp-json\/wp\/v2\/media?parent=7155"}],"wp:term":[{"taxonomy":"product_brand","embeddable":true,"href":"https:\/\/agrarpetrovic.rs\/en\/wp-json\/wp\/v2\/product_brand?post=7155"},{"taxonomy":"product_cat","embeddable":true,"href":"https:\/\/agrarpetrovic.rs\/en\/wp-json\/wp\/v2\/product_cat?post=7155"},{"taxonomy":"product_tag","embeddable":true,"href":"https:\/\/agrarpetrovic.rs\/en\/wp-json\/wp\/v2\/product_tag?post=7155"}],"curies":[{"name":"wp","href":"https:\/\/api.w.org\/{rel}","templated":true}]}}