{"id":7157,"date":"2025-05-18T22:52:48","date_gmt":"2025-05-18T20:52:48","guid":{"rendered":"https:\/\/agrarpetrovic.rs\/proizvod\/akord-wg-1-1\/"},"modified":"2025-10-23T11:55:03","modified_gmt":"2025-10-23T09:55:03","slug":"akord-wg-1-1","status":"publish","type":"product","link":"https:\/\/agrarpetrovic.rs\/en\/proizvod\/akord-wg-1-1\/","title":{"rendered":"AKORD WG 1\/1 &#8211; Fungicid"},"content":{"rendered":"<p><strong>Klasa<\/strong>: Fungicidi<\/p>\n<p><strong>Aktivne materije:<\/strong> Tebukonazol<\/p>\n<p><strong>Proizvo\u0111a\u010d<\/strong>: GALENIKA-FITOFARMACIJA a.d.<\/p>\n<p><strong>Formulacija<\/strong>: vododisperzibilne granule &#8211; WG<\/p>\n<p><strong>Delovanje<\/strong>: Tebukonazol je sistemi\u010dni fungicid. Deluje protektivno i kurativno na veliki broj fitopatogenih gljiva. Probojem kroz biljno tkivo, inhibira sintezu ergosterola i na taj na\u010din spre\u010dava razvoj gljive. Najbolja efikasnost obezbe\u0111uje se preventivnom primenom, odnosno odmah nakon stvaranja uslova za ostvarivanje infekcije.<\/p>\n<p><strong>Karenca<\/strong>: 21 dan &#8211; vi\u0161nja, \u0161ljiva, vinova loza, paradajz, malina<\/p>\n<p><strong>Koncentracija<\/strong>: 0,4-0,75 kg\/ha<\/p>\n<p><strong>Primena<\/strong>: vi\u0161nja, \u0161ljiva, vinova loza, paradajz, malina<\/p>","protected":false},"excerpt":{"rendered":"<p>Sistemi\u010dni fungicid \u0161irokog spektra delovanja za primenu u vo\u0107arstvu, vinovoj lozi i paradajzu<\/p>","protected":false},"featured_media":7641,"template":"","meta":[],"product_brand":[414],"product_cat":[415],"product_tag":[417],"class_list":{"0":"post-7157","1":"product","2":"type-product","3":"status-publish","4":"has-post-thumbnail","6":"product_brand-galenika","7":"product_cat-fungicidi-2","8":"product_tag-tebukonazol","10":"first","11":"outofstock","12":"product-type-simple"},"_links":{"self":[{"href":"https:\/\/agrarpetrovic.rs\/en\/wp-json\/wp\/v2\/product\/7157","targetHints":{"allow":["GET"]}}],"collection":[{"href":"https:\/\/agrarpetrovic.rs\/en\/wp-json\/wp\/v2\/product"}],"about":[{"href":"https:\/\/agrarpetrovic.rs\/en\/wp-json\/wp\/v2\/types\/product"}],"wp:featuredmedia":[{"embeddable":true,"href":"https:\/\/agrarpetrovic.rs\/en\/wp-json\/wp\/v2\/media\/7641"}],"wp:attachment":[{"href":"https:\/\/agrarpetrovic.rs\/en\/wp-json\/wp\/v2\/media?parent=7157"}],"wp:term":[{"taxonomy":"product_brand","embeddable":true,"href":"https:\/\/agrarpetrovic.rs\/en\/wp-json\/wp\/v2\/product_brand?post=7157"},{"taxonomy":"product_cat","embeddable":true,"href":"https:\/\/agrarpetrovic.rs\/en\/wp-json\/wp\/v2\/product_cat?post=7157"},{"taxonomy":"product_tag","embeddable":true,"href":"https:\/\/agrarpetrovic.rs\/en\/wp-json\/wp\/v2\/product_tag?post=7157"}],"curies":[{"name":"wp","href":"https:\/\/api.w.org\/{rel}","templated":true}]}}