{"id":7158,"date":"2025-05-18T22:52:48","date_gmt":"2025-05-18T20:52:48","guid":{"rendered":"https:\/\/agrarpetrovic.rs\/proizvod\/alijansa-plus-1-kg\/"},"modified":"2025-10-23T11:55:03","modified_gmt":"2025-10-23T09:55:03","slug":"alijansa-plus-1-kg","status":"publish","type":"product","link":"https:\/\/agrarpetrovic.rs\/en\/proizvod\/alijansa-plus-1-kg\/","title":{"rendered":"ALIJANSA PLUS 1 kg &#8211; Fungicid"},"content":{"rendered":"<p><strong>Klasa:<\/strong> Fungicidi<\/p>\n<p><strong>Aktivne materije:<\/strong> Bakar-oksihlorid + metalaksil-M<\/p>\n<p><strong>Proizvo\u0111a\u010d:<\/strong> GALENIKA-FITOFARMACIJA a.d.<\/p>\n<p><strong>Formulacija:<\/strong> kva\u0161ljivi pra\u0161ak &#8211; WP<\/p>\n<p><strong>Delovanje:<\/strong> Alijansa plus je fungicid sa dvostrukim mehanizmom delovanja. Ispoljava visoku efikasnost u suzbijanju velikog broja prouzrokova\u010da biljnih bolesti. Metalaksil-M se nakon aplikacije veoma brzo usvaja zelenim delovima biljke. Zbog izvanredne pokretljivosti ksilemom unutar biljke, transportuje se do vr\u0161nih delova novoizraslog biljnog tkiva, koje je na taj na\u010din za\u0161ti\u0107eno od infekcije. Mehanizam delovanja se bazira na inhibiciji sinteze proteina u organizmu gljiva, \u010dime se remete procesi metabolizma koji dovode do uginu\u0107a gljiva. Bakar iz bakarnog oksihlorida je kontaktni i preventivni fungicid \u010dije se delovanje zasniva na aktivnosti Cu2+ katjona. Pri kontaktu sa sporama gljive spre\u010dava procese \u0107elijskog disanja pri \u010demu se spre\u010dava klijanje spora i nastanak infekcije u u po\u010detnim fazama. Pored fungicidnog delovanja bakar iz bakarnog oskihlorida pokazuje i baktericidno delovanje.<\/p>\n<p><strong>Karenca:<\/strong><br \/>\n&#8211; 21 dan &#8211; vinova loza<br \/>\n&#8211; 14 dana &#8211; krompir<\/p>\n<p><strong>Koncentracija: <\/strong>2,5 kg\/ha<\/p>\n<p><strong>Primena: <\/strong>vinova loza, krompir<\/p>","protected":false},"excerpt":{"rendered":"<p>Sistemi\u010dni fungicid sa protektivnim i kurativnim delovanjem, namenjen za suzbijanje prouzrokova\u010da plamenja\u010de krompira i vinove loze.<\/p>","protected":false},"featured_media":7760,"template":"","meta":[],"product_brand":[414],"product_cat":[415],"product_tag":[418],"class_list":{"0":"post-7158","1":"product","2":"type-product","3":"status-publish","4":"has-post-thumbnail","6":"product_brand-galenika","7":"product_cat-fungicidi-2","8":"product_tag-bakar-oksihlorid-metalaksil-m","10":"first","11":"outofstock","12":"purchasable","13":"product-type-simple"},"_links":{"self":[{"href":"https:\/\/agrarpetrovic.rs\/en\/wp-json\/wp\/v2\/product\/7158","targetHints":{"allow":["GET"]}}],"collection":[{"href":"https:\/\/agrarpetrovic.rs\/en\/wp-json\/wp\/v2\/product"}],"about":[{"href":"https:\/\/agrarpetrovic.rs\/en\/wp-json\/wp\/v2\/types\/product"}],"wp:featuredmedia":[{"embeddable":true,"href":"https:\/\/agrarpetrovic.rs\/en\/wp-json\/wp\/v2\/media\/7760"}],"wp:attachment":[{"href":"https:\/\/agrarpetrovic.rs\/en\/wp-json\/wp\/v2\/media?parent=7158"}],"wp:term":[{"taxonomy":"product_brand","embeddable":true,"href":"https:\/\/agrarpetrovic.rs\/en\/wp-json\/wp\/v2\/product_brand?post=7158"},{"taxonomy":"product_cat","embeddable":true,"href":"https:\/\/agrarpetrovic.rs\/en\/wp-json\/wp\/v2\/product_cat?post=7158"},{"taxonomy":"product_tag","embeddable":true,"href":"https:\/\/agrarpetrovic.rs\/en\/wp-json\/wp\/v2\/product_tag?post=7158"}],"curies":[{"name":"wp","href":"https:\/\/api.w.org\/{rel}","templated":true}]}}