{"id":7162,"date":"2025-05-18T22:52:48","date_gmt":"2025-05-18T20:52:48","guid":{"rendered":"https:\/\/agrarpetrovic.rs\/proizvod\/atlas-400-g\/"},"modified":"2025-10-23T11:55:07","modified_gmt":"2025-10-23T09:55:07","slug":"atlas-400-g","status":"publish","type":"product","link":"https:\/\/agrarpetrovic.rs\/en\/proizvod\/atlas-400-g\/","title":{"rendered":"ATLAS 400 g &#8211; Fungicid"},"content":{"rendered":"<p><strong>Klasa<\/strong>: Fungicidi<\/p>\n<p><strong>Aktivne materije:<\/strong> Ciprodinil + fludioksonil<\/p>\n<p><strong>Proizvo\u0111a\u010d<\/strong>: GALENIKA-FITOFARMACIJA a.d.<\/p>\n<p><strong>Formulacija<\/strong>: vododisperzibilne granule &#8211; WG<\/p>\n<p><strong>Delovanje<\/strong>: Atlas je dvokomponentni preparat \u0161irokog spektra delovanja. Ciprodinil je lokalsistemi\u010dni fungicid iz grupe anilinoprimidina. Svoju sistemi\u010dnost ispoljava nakon usvajanja u biljna tkiva, kretanjem akropetalno sprovodnim sudovima ksilema. Na\u010din delovanja fungicida je inhibicija biosinteze aminokiseline metionin i lu\u010denje hidroliti\u010dkih enzima gljive. Na taj na\u010din se zaustavlja rast apresorije koja klija iz spore i njeno prodiranje u biljno tkivo i spre\u010dava nastanak infekcije u njenim po\u010detnim fazama. Fludioksinil je fungicid iz grupe fenilpirola. Poseduje jedinstven mehanizam delovanja putem blokade regulatornih enzima koji su neophodni za sintezu glicerola. Na ovaj na\u010din dolazi do inhibicije klijanja spora, klicine cevi i porasta micelije gljiva.<\/p>\n<p><strong>Karenca<\/strong>:<\/p>\n<ul>\n<li>3 dana-paradajz, krastavac, dinja (u zatvorenom prostoru), tikva, bundeva, lubenica, tikvica<\/li>\n<li>7 dana &#8211; malina, jagoda, kajsija, zelena salata, rukola, endivija, radi\u010d, matovilac, spana\u0107<\/li>\n<li>10 dana &#8211; kupina, borovnica<\/li>\n<li>14 dana &#8211; crni luk, vla\u0161ac, blitva<\/li>\n<li>28 dana &#8211; vinova loza, pasulj, gra\u0161ak<\/li>\n<\/ul>\n<p><strong>Koncentracija<\/strong>:0,6-1 kg\/ha<\/p>\n<p><strong>Primena<\/strong>: malina, jagoda, vinova loza, kajsija, kupina, borovnica, paradajz, krastavac, crni luk, tikva, bundeva, tikvica, dinja (u zatvorenom prostoru), lubenica, pasulj, gra\u0161ak, vla\u0161ac, spana\u0107, blitva, zelena salata, rukola, radi\u010d, endivija, matovilac<\/p>","protected":false},"excerpt":{"rendered":"<p>Sistemi\u010dni i kontaktni folijarni fungicid za primenu u vo\u0107arstvu, vinogradarstvu i povrtarstvu<\/p>","protected":false},"featured_media":7415,"template":"","meta":[],"product_brand":[414],"product_cat":[415],"product_tag":[419],"class_list":{"0":"post-7162","1":"product","2":"type-product","3":"status-publish","4":"has-post-thumbnail","6":"product_brand-galenika","7":"product_cat-fungicidi-2","8":"product_tag-ciprodinil-fludioksonil","10":"first","11":"outofstock","12":"product-type-simple"},"_links":{"self":[{"href":"https:\/\/agrarpetrovic.rs\/en\/wp-json\/wp\/v2\/product\/7162","targetHints":{"allow":["GET"]}}],"collection":[{"href":"https:\/\/agrarpetrovic.rs\/en\/wp-json\/wp\/v2\/product"}],"about":[{"href":"https:\/\/agrarpetrovic.rs\/en\/wp-json\/wp\/v2\/types\/product"}],"wp:featuredmedia":[{"embeddable":true,"href":"https:\/\/agrarpetrovic.rs\/en\/wp-json\/wp\/v2\/media\/7415"}],"wp:attachment":[{"href":"https:\/\/agrarpetrovic.rs\/en\/wp-json\/wp\/v2\/media?parent=7162"}],"wp:term":[{"taxonomy":"product_brand","embeddable":true,"href":"https:\/\/agrarpetrovic.rs\/en\/wp-json\/wp\/v2\/product_brand?post=7162"},{"taxonomy":"product_cat","embeddable":true,"href":"https:\/\/agrarpetrovic.rs\/en\/wp-json\/wp\/v2\/product_cat?post=7162"},{"taxonomy":"product_tag","embeddable":true,"href":"https:\/\/agrarpetrovic.rs\/en\/wp-json\/wp\/v2\/product_tag?post=7162"}],"curies":[{"name":"wp","href":"https:\/\/api.w.org\/{rel}","templated":true}]}}