{"id":7165,"date":"2025-05-18T22:52:48","date_gmt":"2025-05-18T20:52:48","guid":{"rendered":"https:\/\/agrarpetrovic.rs\/proizvod\/bakarni-oksihlorid-50-50-bakra-iz-bakar-oksihlorida-75-g\/"},"modified":"2025-10-23T11:55:07","modified_gmt":"2025-10-23T09:55:07","slug":"bakarni-oksihlorid-50-50-bakra-iz-bakar-oksihlorida-75-g","status":"publish","type":"product","link":"https:\/\/agrarpetrovic.rs\/en\/proizvod\/bakarni-oksihlorid-50-50-bakra-iz-bakar-oksihlorida-75-g\/","title":{"rendered":"BAKARNI OKSIHLORID 50 75 g &#8211; Fungicid"},"content":{"rendered":"<p><strong>Klasa<\/strong>: Fungicidi<\/p>\n<p><strong>Aktivne materije:<\/strong> 50% bakra iz bakar-oksihlorida<\/p>\n<p><strong>Proizvo\u0111a\u010d<\/strong>: GALENIKA-FITOFARMACIJA a.d.<\/p>\n<p><strong>Formulacija<\/strong>: kva\u0161ljivi pra\u0161ak &#8211; WP<\/p>\n<p><strong>Delovanje<\/strong>: Delovanje bakar-oksihlorida zasniva se na aktivnosti Cu2+ katjona. Pri primeni bakarni-oksihlorid osloba\u0111a Cu2+ koji prodire u spore gljiva i inhibira enzimske procese. Gljive ne mogu da razviju rezistentnost na bakarne preparate zbog njihovog vi\u0161estrukog mehanizma delovanja. Pored fungicidnog bakarni-oksihlorid ispoljava i sporedno baktericidno delovanje.<\/p>\n<p><strong>Karenca<\/strong>:<\/p>\n<ul>\n<li>28 dana &#8211; vinova loza<\/li>\n<li>14 dana &#8211; hmelj, krompir,paradajz, karfiol, brokoli, rotkvica, sla\u010dica<\/li>\n<li>10 dana &#8211; plavi patlid\u017ean (na otvorenom)<\/li>\n<li>5 dana &#8211; pasulj, gra\u0161ak, boranija, tikvice<\/li>\n<li>3 dana &#8211; plavi patlid\u017ean (u zatvorenom), tikva, dinja, bundeva, lubenica<\/li>\n<li>obezbe\u0111ena vremenom primene &#8211; vo\u0107njaci<\/li>\n<\/ul>\n<p><strong>Koncentracija<\/strong>: 0,5-0,75%<br \/>\n1.5-3 kg\/ha<\/p>\n<p><strong>Primena<\/strong>: jabuka, kru\u0161ka, breskva, kajsija, badem, \u0161ljiva, vi\u0161nja, tre\u0161nja, vinova loza, hmelj, krompir, paradajz, leska, plavi patlid\u017ean, pasulj, gra\u0161ak, boranija, karfiol, brokoli, rotkvica, sla\u010dica, tikvica, tikva, bundeva, dinja, lubenica<\/p>","protected":false},"excerpt":{"rendered":"<p>Preventivni fungicid \u0161irokog spektra delovanja za suzbijanje prouzrokova\u010da bolesti u jabu\u010dastom i ko\u0161ti\u010davom vo\u0107u, vinovoj lozi, ratarstvu i povrtarstvu<\/p>","protected":false},"featured_media":7693,"template":"","meta":[],"product_brand":[414],"product_cat":[415],"product_tag":[863],"class_list":{"0":"post-7165","1":"product","2":"type-product","3":"status-publish","4":"has-post-thumbnail","6":"product_brand-galenika","7":"product_cat-fungicidi-2","8":"product_tag-50-bakra-iz-bakar-oksihlorida","10":"first","11":"outofstock","12":"purchasable","13":"product-type-simple"},"_links":{"self":[{"href":"https:\/\/agrarpetrovic.rs\/en\/wp-json\/wp\/v2\/product\/7165","targetHints":{"allow":["GET"]}}],"collection":[{"href":"https:\/\/agrarpetrovic.rs\/en\/wp-json\/wp\/v2\/product"}],"about":[{"href":"https:\/\/agrarpetrovic.rs\/en\/wp-json\/wp\/v2\/types\/product"}],"wp:featuredmedia":[{"embeddable":true,"href":"https:\/\/agrarpetrovic.rs\/en\/wp-json\/wp\/v2\/media\/7693"}],"wp:attachment":[{"href":"https:\/\/agrarpetrovic.rs\/en\/wp-json\/wp\/v2\/media?parent=7165"}],"wp:term":[{"taxonomy":"product_brand","embeddable":true,"href":"https:\/\/agrarpetrovic.rs\/en\/wp-json\/wp\/v2\/product_brand?post=7165"},{"taxonomy":"product_cat","embeddable":true,"href":"https:\/\/agrarpetrovic.rs\/en\/wp-json\/wp\/v2\/product_cat?post=7165"},{"taxonomy":"product_tag","embeddable":true,"href":"https:\/\/agrarpetrovic.rs\/en\/wp-json\/wp\/v2\/product_tag?post=7165"}],"curies":[{"name":"wp","href":"https:\/\/api.w.org\/{rel}","templated":true}]}}