{"id":7167,"date":"2025-05-18T22:52:48","date_gmt":"2025-05-18T20:52:48","guid":{"rendered":"https:\/\/agrarpetrovic.rs\/proizvod\/balb-propamokarb-hidrohlorid-722-g-l-300-ml\/"},"modified":"2025-10-23T11:55:07","modified_gmt":"2025-10-23T09:55:07","slug":"balb-propamokarb-hidrohlorid-722-g-l-300-ml","status":"publish","type":"product","link":"https:\/\/agrarpetrovic.rs\/en\/proizvod\/balb-propamokarb-hidrohlorid-722-g-l-300-ml\/","title":{"rendered":"BALB 300l &#8211; Fungicid"},"content":{"rendered":"<p><strong>Klasa<\/strong>: Fungicidi<\/p>\n<p><strong>Aktivne materije:<\/strong> Propamokarb hidrohlorid<\/p>\n<p><strong>Proizvo\u0111a\u010d<\/strong>: GALENIKA-FITOFARMACIJA a.d.<\/p>\n<p><strong>Formulacija<\/strong>: koncentrovani rastvor &#8211; SL<\/p>\n<p><strong>Delovanje<\/strong>: Balb je sistemi\u010dni fungicid koji sadr\u017ei aktivnu supstancu propamokarb-hidrohlorid iz grupe karbamata. Zahvaljuju\u0107i dobrom usvajanju putem korena, kao i izra\u017eenoj transportabilnosti ksilemom u nadzemne delove, preparat Balb predstavlja osnovu za\u0161tite rasada povr\u0107a od gljivi\u010dnih prouzrokova\u010da bolesti. Svoj mehanizam delovanja ispoljava inhibicijom sinteze fosfolipida i masnih kiselina, \u0161to ometa formiranje \u0107elijskih membrana gljive i dovodi do njihovih uginu\u0107a.<\/p>\n<p><strong>Karenca<\/strong>:<\/p>\n<ul>\n<li>14 dana &#8211; krastavac, tikva, tikvica, dinja, bundeva, lubenica<\/li>\n<li>35 dana &#8211; paprika<\/li>\n<li>obezbe\u0111ena vremenom primene &#8211; lala<\/li>\n<\/ul>\n<p><strong>Koncentracija<\/strong>: 0,15-0,3%<\/p>\n<p><strong>Primena<\/strong>: krastavac, tikva, tikvica, bundeva, dinja, lubenica, paprika, lala<\/p>","protected":false},"excerpt":{"rendered":"<p>Sistemi\u010dni fungicid za suzbijanje bolesti u povrtarstvu i cve\u0107arstvu<\/p>","protected":false},"featured_media":7692,"template":"","meta":[],"product_brand":[414],"product_cat":[415],"product_tag":[422],"class_list":{"0":"post-7167","1":"product","2":"type-product","3":"status-publish","4":"has-post-thumbnail","6":"product_brand-galenika","7":"product_cat-fungicidi-2","8":"product_tag-propamokarb-hidrohlorid","10":"first","11":"outofstock","12":"purchasable","13":"product-type-simple"},"_links":{"self":[{"href":"https:\/\/agrarpetrovic.rs\/en\/wp-json\/wp\/v2\/product\/7167","targetHints":{"allow":["GET"]}}],"collection":[{"href":"https:\/\/agrarpetrovic.rs\/en\/wp-json\/wp\/v2\/product"}],"about":[{"href":"https:\/\/agrarpetrovic.rs\/en\/wp-json\/wp\/v2\/types\/product"}],"wp:featuredmedia":[{"embeddable":true,"href":"https:\/\/agrarpetrovic.rs\/en\/wp-json\/wp\/v2\/media\/7692"}],"wp:attachment":[{"href":"https:\/\/agrarpetrovic.rs\/en\/wp-json\/wp\/v2\/media?parent=7167"}],"wp:term":[{"taxonomy":"product_brand","embeddable":true,"href":"https:\/\/agrarpetrovic.rs\/en\/wp-json\/wp\/v2\/product_brand?post=7167"},{"taxonomy":"product_cat","embeddable":true,"href":"https:\/\/agrarpetrovic.rs\/en\/wp-json\/wp\/v2\/product_cat?post=7167"},{"taxonomy":"product_tag","embeddable":true,"href":"https:\/\/agrarpetrovic.rs\/en\/wp-json\/wp\/v2\/product_tag?post=7167"}],"curies":[{"name":"wp","href":"https:\/\/api.w.org\/{rel}","templated":true}]}}