{"id":7168,"date":"2025-05-18T22:52:48","date_gmt":"2025-05-18T20:52:48","guid":{"rendered":"https:\/\/agrarpetrovic.rs\/proizvod\/belatrix-50-ml\/"},"modified":"2025-10-23T11:55:07","modified_gmt":"2025-10-23T09:55:07","slug":"belatrix-50-ml","status":"publish","type":"product","link":"https:\/\/agrarpetrovic.rs\/en\/proizvod\/belatrix-50-ml\/","title":{"rendered":"BELATRIX 50 ml &#8211; Fungicid"},"content":{"rendered":"<p><strong>Klasa<\/strong>: Fungicidi<\/p>\n<p><strong>Aktivne materije:<\/strong> Trifloksistrobin<\/p>\n<p><strong>Proizvo\u0111a\u010d<\/strong>: GALENIKA-FITOFARMACIJA a.d.<\/p>\n<p><strong>Formulacija<\/strong>: koncentrovana suspenzija &#8211; SC<\/p>\n<p><strong>Delovanje<\/strong>: Trifloksistrobin spada u grupu strobilurina, koja ima kompleksan mehanizam delovanja. Deluje na mitohondrijalnu respiraciju kod gljiva. Trifloksistrobin je inhibitor kompleksa III u respiratornom lancu. Respiracija ili disanje je proces pri kome se stvara neophodna energija za va\u017ene \u017eivotne procese gljiva. Ukoliko se inhibira proces stvaranja energije, spre\u010dava se klijanje spora, pa na taj na\u010din patogen ne mo\u017ee da izvr\u0161i infekciju.<\/p>\n<p><strong>Karenca<\/strong>:<\/p>\n<ul>\n<li>14 dana &#8211; jabuka<\/li>\n<li>7 dana &#8211; breskva<\/li>\n<\/ul>\n<p><strong>Koncentracija<\/strong>: 0,1-0,15 l\/ha<\/p>\n<p><strong>Primena<\/strong>: jabuka, breskva<\/p>","protected":false},"excerpt":{"rendered":"<p>Lokalsistemi\u010dni fungicid sa protektivnim i kurativnim delovanjem, namenjen za suzbijanje prouzrokova\u010da pepelnice i skladi\u0161nih bolesti u zasadu jabuke.<\/p>","protected":false},"featured_media":7419,"template":"","meta":[],"product_brand":[414],"product_cat":[415],"product_tag":[423],"class_list":{"0":"post-7168","1":"product","2":"type-product","3":"status-publish","4":"has-post-thumbnail","6":"product_brand-galenika","7":"product_cat-fungicidi-2","8":"product_tag-trifloksistrobin","10":"first","11":"outofstock","12":"purchasable","13":"product-type-simple"},"_links":{"self":[{"href":"https:\/\/agrarpetrovic.rs\/en\/wp-json\/wp\/v2\/product\/7168","targetHints":{"allow":["GET"]}}],"collection":[{"href":"https:\/\/agrarpetrovic.rs\/en\/wp-json\/wp\/v2\/product"}],"about":[{"href":"https:\/\/agrarpetrovic.rs\/en\/wp-json\/wp\/v2\/types\/product"}],"wp:featuredmedia":[{"embeddable":true,"href":"https:\/\/agrarpetrovic.rs\/en\/wp-json\/wp\/v2\/media\/7419"}],"wp:attachment":[{"href":"https:\/\/agrarpetrovic.rs\/en\/wp-json\/wp\/v2\/media?parent=7168"}],"wp:term":[{"taxonomy":"product_brand","embeddable":true,"href":"https:\/\/agrarpetrovic.rs\/en\/wp-json\/wp\/v2\/product_brand?post=7168"},{"taxonomy":"product_cat","embeddable":true,"href":"https:\/\/agrarpetrovic.rs\/en\/wp-json\/wp\/v2\/product_cat?post=7168"},{"taxonomy":"product_tag","embeddable":true,"href":"https:\/\/agrarpetrovic.rs\/en\/wp-json\/wp\/v2\/product_tag?post=7168"}],"curies":[{"name":"wp","href":"https:\/\/api.w.org\/{rel}","templated":true}]}}