{"id":7169,"date":"2025-05-18T22:52:48","date_gmt":"2025-05-18T20:52:48","guid":{"rendered":"https:\/\/agrarpetrovic.rs\/proizvod\/bordovska-corba-100-sc-1-1\/"},"modified":"2025-10-23T11:55:07","modified_gmt":"2025-10-23T09:55:07","slug":"bordovska-corba-100-sc-1-1","status":"publish","type":"product","link":"https:\/\/agrarpetrovic.rs\/en\/proizvod\/bordovska-corba-100-sc-1-1\/","title":{"rendered":"Bordovska Corba 1\/1 &#8211; Fungicid"},"content":{"rendered":"<p><strong>Klasa<\/strong>: Fungicidi<\/p>\n<p><strong>Aktivne materije: <\/strong>Bakar u obliku sme\u0161e bakar (II) sulfata pentahidrata i kalcijum hidroksida<\/p>\n<p><strong>Proizvo\u0111a\u010d<\/strong>: GALENIKA-FITOFARMACIJA a.d.<\/p>\n<p><strong>Formulacija<\/strong>: koncentrovana suspenzija &#8211; SC<\/p>\n<p><strong>Delovanje<\/strong>: Bordovska \u010dorba 100 SC je protektivni fungicid na bazi bakarnog sulfata. Iako spada me\u0111u najstarije proizvode u za\u0161titi bilja i dalje ispoljava visoku efikasnost. Proizvod je formulisan po savremenoj tehnologiji u vidu te\u010dne koncentrovane suspenzije-SC, koja omogu\u0107ava brzu i potpunu disocijaciju katjona bakra u rastvoru. deluje nespecifi\u010dno, spre\u010dava klijanje spora putem inhibicije enzima. Zbog vi\u0161estrukog mehanizma delovanja, patogeni ne razvijaju rezistentnost na ovo jedinjenje. Pored fungicidnog ispoljava i baktericidno delovanje.<\/p>\n<p><strong>Karenca<\/strong>:<\/p>\n<ul>\n<li>1 dan &#8211; vinova loza (stone sorte)<\/li>\n<li>28 dana &#8211; vinova loza (vinske sorte)<\/li>\n<\/ul>\n<p><strong>Koncentracija<\/strong>: 2,5%<\/p>\n<p><strong>Primena<\/strong>: vinova loza<\/p>","protected":false},"excerpt":{"rendered":"<p>Savremena formulacija najstarijeg protektivnog fungicida<\/p>","protected":false},"featured_media":7411,"template":"","meta":[],"product_brand":[414],"product_cat":[415],"product_tag":[424],"class_list":{"0":"post-7169","1":"product","2":"type-product","3":"status-publish","4":"has-post-thumbnail","6":"product_brand-galenika","7":"product_cat-fungicidi-2","8":"product_tag-bakar-u-obliku-smese-bakar-ii-sulfata-pentahidrata-i-kalcijum-hidroksida","10":"first","11":"outofstock","12":"purchasable","13":"product-type-simple"},"_links":{"self":[{"href":"https:\/\/agrarpetrovic.rs\/en\/wp-json\/wp\/v2\/product\/7169","targetHints":{"allow":["GET"]}}],"collection":[{"href":"https:\/\/agrarpetrovic.rs\/en\/wp-json\/wp\/v2\/product"}],"about":[{"href":"https:\/\/agrarpetrovic.rs\/en\/wp-json\/wp\/v2\/types\/product"}],"wp:featuredmedia":[{"embeddable":true,"href":"https:\/\/agrarpetrovic.rs\/en\/wp-json\/wp\/v2\/media\/7411"}],"wp:attachment":[{"href":"https:\/\/agrarpetrovic.rs\/en\/wp-json\/wp\/v2\/media?parent=7169"}],"wp:term":[{"taxonomy":"product_brand","embeddable":true,"href":"https:\/\/agrarpetrovic.rs\/en\/wp-json\/wp\/v2\/product_brand?post=7169"},{"taxonomy":"product_cat","embeddable":true,"href":"https:\/\/agrarpetrovic.rs\/en\/wp-json\/wp\/v2\/product_cat?post=7169"},{"taxonomy":"product_tag","embeddable":true,"href":"https:\/\/agrarpetrovic.rs\/en\/wp-json\/wp\/v2\/product_tag?post=7169"}],"curies":[{"name":"wp","href":"https:\/\/api.w.org\/{rel}","templated":true}]}}