{"id":7170,"date":"2025-05-18T22:52:48","date_gmt":"2025-05-18T20:52:48","guid":{"rendered":"https:\/\/agrarpetrovic.rs\/proizvod\/cosavet-80-df-sumpor-800-g-kg-1-kg\/"},"modified":"2025-10-23T11:55:07","modified_gmt":"2025-10-23T09:55:07","slug":"cosavet-80-df-sumpor-800-g-kg-1-kg","status":"publish","type":"product","link":"https:\/\/agrarpetrovic.rs\/en\/proizvod\/cosavet-80-df-sumpor-800-g-kg-1-kg\/","title":{"rendered":"COSAVET 80DF 1 kg &#8211; Fungicid"},"content":{"rendered":"<p><strong>Klasa<\/strong>: Fungicidi<\/p>\n<p><strong>Aktivne materije:<\/strong> Sumpor<\/p>\n<p><strong>Proizvo\u0111a\u010d<\/strong>: Sulphur Mills Limited<\/p>\n<p><strong>Formulacija<\/strong>: vododisperzibilne granule &#8211; WG<\/p>\n<p><strong>Delovanje<\/strong>: Primenjuje se za suzbijanje prouzrokova\u010da pepelnica. Slobodni molekuli elementarnog sumpora su rastvorljivi u lipidima i lako prodiru kroz \u0107elijski zid spora ili hife gljiva. U \u0107eliji patogena deluje na oksido-redukcione procese i brzo dovodi do njihovog uginu\u0107a. Pored fungicidnog delovanja pare sumpora ispoljavaju i sporedno akaricidno delovanje. Fitopatogene gljive ne mogu da razviju rezistentnost na ovu aktivnu supstancu.<\/p>\n<p><strong>Karenca<\/strong>:<\/p>\n<ul>\n<li>14 dana &#8211; jabuka<\/li>\n<li>28 dana &#8211; vinova loza<\/li>\n<\/ul>\n<p><strong>Koncentracija<\/strong>: 0.3 % 5-7 kg\/ha<\/p>\n<p><strong>Primena<\/strong>: jabuka, vinova loza<\/p>","protected":false},"excerpt":{"rendered":"<p>Nesistemi\u010dni protektivni fungicid sa kontaktnim delovanjem za suzbijanje prouzrokova\u010da bolesti u vo\u0107arstvu i vinogradarstvu<\/p>","protected":false},"featured_media":7412,"template":"","meta":[],"product_brand":[414],"product_cat":[415],"product_tag":[425],"class_list":{"0":"post-7170","1":"product","2":"type-product","3":"status-publish","4":"has-post-thumbnail","6":"product_brand-galenika","7":"product_cat-fungicidi-2","8":"product_tag-sumpor","10":"first","11":"outofstock","12":"purchasable","13":"product-type-simple"},"_links":{"self":[{"href":"https:\/\/agrarpetrovic.rs\/en\/wp-json\/wp\/v2\/product\/7170","targetHints":{"allow":["GET"]}}],"collection":[{"href":"https:\/\/agrarpetrovic.rs\/en\/wp-json\/wp\/v2\/product"}],"about":[{"href":"https:\/\/agrarpetrovic.rs\/en\/wp-json\/wp\/v2\/types\/product"}],"wp:featuredmedia":[{"embeddable":true,"href":"https:\/\/agrarpetrovic.rs\/en\/wp-json\/wp\/v2\/media\/7412"}],"wp:attachment":[{"href":"https:\/\/agrarpetrovic.rs\/en\/wp-json\/wp\/v2\/media?parent=7170"}],"wp:term":[{"taxonomy":"product_brand","embeddable":true,"href":"https:\/\/agrarpetrovic.rs\/en\/wp-json\/wp\/v2\/product_brand?post=7170"},{"taxonomy":"product_cat","embeddable":true,"href":"https:\/\/agrarpetrovic.rs\/en\/wp-json\/wp\/v2\/product_cat?post=7170"},{"taxonomy":"product_tag","embeddable":true,"href":"https:\/\/agrarpetrovic.rs\/en\/wp-json\/wp\/v2\/product_tag?post=7170"}],"curies":[{"name":"wp","href":"https:\/\/api.w.org\/{rel}","templated":true}]}}