{"id":7172,"date":"2025-05-18T22:52:48","date_gmt":"2025-05-18T20:52:48","guid":{"rendered":"https:\/\/agrarpetrovic.rs\/proizvod\/crux-50ml\/"},"modified":"2025-10-23T11:55:08","modified_gmt":"2025-10-23T09:55:08","slug":"crux-50ml","status":"publish","type":"product","link":"https:\/\/agrarpetrovic.rs\/en\/proizvod\/crux-50ml\/","title":{"rendered":"CRUX 50 ml &#8211; Fungicid"},"content":{"rendered":"<p><strong>Klasa<\/strong>: Fungicidi<\/p>\n<p><strong>Aktivne materije:<\/strong> Cijazofamid<\/p>\n<p><strong>Proizvo\u0111a\u010d<\/strong>: GALENIKA-FITOFARMACIJA a.d.<\/p>\n<p><strong>Formulacija<\/strong>: koncentrovana suspenzija &#8211; SC<\/p>\n<p><strong>Delovanje<\/strong>: Cijazofamid pripada grupi cijano-imidazola. Ima specifi\u010dan mehanizam delovanja koji se zasniva na inhibiciji ubikvinon reduktaze na Qi mestu u kompleksu III \u0107elijskog disanja. Odlikuje ga izra\u017eeno preventivno delovanje, poseduje rezidualnu aktivnost i otporan je na spiranje ki\u0161om. U izvesnom stepenu ispoljava kurativnu i translaminarnu aktivnost. Spre\u010dava klijanje i osloba\u0111anje zoospora, deluje supresivno na formiranje zoosporangije, inhibira rast micelije i rast oospora. Pokazuje inhibitorno delovanje u svim fazama razvi\u0107a patogena iz grupe Oomycetes.<\/p>\n<p><strong>Karenca<\/strong>:<\/p>\n<ul>\n<li>21 dan &#8211; vinova loza<\/li>\n<li>7 dana &#8211; krompir<\/li>\n<li>3 dana &#8211; paradajz, krastavac<\/li>\n<\/ul>\n<p><strong>Koncentracija<\/strong>: 0.5-0.7 l\/ha<\/p>\n<p><strong>Primena<\/strong>: krompir, paradajz, krastavac, vinova loza<\/p>","protected":false},"excerpt":{"rendered":"<p>Nesistemi\u010dni fungicid sa protektivnim i kontaktnim delovanjem, namenjen za suzbijanje prouzrokova\u010da plamenja\u010de u usevima krompira, paradajza i krastavca i zasadu vinove loze.<\/p>","protected":false},"featured_media":7418,"template":"","meta":[],"product_brand":[414],"product_cat":[415],"product_tag":[426],"class_list":{"0":"post-7172","1":"product","2":"type-product","3":"status-publish","4":"has-post-thumbnail","6":"product_brand-galenika","7":"product_cat-fungicidi-2","8":"product_tag-cijazofamid","10":"first","11":"outofstock","12":"purchasable","13":"product-type-simple"},"_links":{"self":[{"href":"https:\/\/agrarpetrovic.rs\/en\/wp-json\/wp\/v2\/product\/7172","targetHints":{"allow":["GET"]}}],"collection":[{"href":"https:\/\/agrarpetrovic.rs\/en\/wp-json\/wp\/v2\/product"}],"about":[{"href":"https:\/\/agrarpetrovic.rs\/en\/wp-json\/wp\/v2\/types\/product"}],"wp:featuredmedia":[{"embeddable":true,"href":"https:\/\/agrarpetrovic.rs\/en\/wp-json\/wp\/v2\/media\/7418"}],"wp:attachment":[{"href":"https:\/\/agrarpetrovic.rs\/en\/wp-json\/wp\/v2\/media?parent=7172"}],"wp:term":[{"taxonomy":"product_brand","embeddable":true,"href":"https:\/\/agrarpetrovic.rs\/en\/wp-json\/wp\/v2\/product_brand?post=7172"},{"taxonomy":"product_cat","embeddable":true,"href":"https:\/\/agrarpetrovic.rs\/en\/wp-json\/wp\/v2\/product_cat?post=7172"},{"taxonomy":"product_tag","embeddable":true,"href":"https:\/\/agrarpetrovic.rs\/en\/wp-json\/wp\/v2\/product_tag?post=7172"}],"curies":[{"name":"wp","href":"https:\/\/api.w.org\/{rel}","templated":true}]}}