{"id":7173,"date":"2025-05-18T22:52:51","date_gmt":"2025-05-18T20:52:51","guid":{"rendered":"https:\/\/agrarpetrovic.rs\/proizvod\/cuprozin-35-wp-bakar-iz-bakar-oksihlorida-350-g-kg-1-kg\/"},"modified":"2025-10-23T11:55:08","modified_gmt":"2025-10-23T09:55:08","slug":"cuprozin-35-wp-bakar-iz-bakar-oksihlorida-350-g-kg-1-kg","status":"publish","type":"product","link":"https:\/\/agrarpetrovic.rs\/en\/proizvod\/cuprozin-35-wp-bakar-iz-bakar-oksihlorida-350-g-kg-1-kg\/","title":{"rendered":"CUPROZIN 35WP 1 kg &#8211; Fungicid"},"content":{"rendered":"<p><strong>Klasa<\/strong>: Fungicidi<\/p>\n<p><strong>Aktivne materije:<\/strong> Bakar iz bakar-oksihlorida<\/p>\n<p><strong>Proizvo\u0111a\u010d<\/strong>: Cosaco<\/p>\n<p><strong>Formulacija<\/strong>: kva\u0161ljivi pra\u0161ak &#8211; WP<\/p>\n<p><strong>Delovanje<\/strong>: Bakar oksihlorid je preventivni fungicid i baktericid. Deluje inhibiraju\u0107i klijanje spora patogena. Gljive ne stvaraju rezistentnost na ovu supstancu zbog njenog vi\u0161estrukog mehanizma delovanja.<\/p>\n<p><strong>Karenca<\/strong>:<\/p>\n<ul>\n<li>7 dana &#8211; krompir<\/li>\n<li>28 dana &#8211; vinova loza<\/li>\n<li>bezbe\u0111ena vremenom primene &#8211; jabuka, malina, kajsija, leska<\/li>\n<\/ul>\n<p><strong>Koncentracija<\/strong>: 0,35%<br \/>\n2,2-3 kg\/ha<\/p>\n<p><strong>Primena<\/strong>: jabuka, malina, vinova loza, kajsija, leska, krompir<\/p>","protected":false},"excerpt":{"rendered":"<p>Preventivni fungicid \u0161irokog spektra delovanja za suzbijanje prouzrokova\u010da bolesti vo\u0107a i povr\u0107a<\/p>","protected":false},"featured_media":7444,"template":"","meta":[],"product_brand":[414],"product_cat":[415],"product_tag":[427],"class_list":{"0":"post-7173","1":"product","2":"type-product","3":"status-publish","4":"has-post-thumbnail","6":"product_brand-galenika","7":"product_cat-fungicidi-2","8":"product_tag-bakar-iz-bakar-oksihlorida","10":"first","11":"outofstock","12":"purchasable","13":"product-type-simple"},"_links":{"self":[{"href":"https:\/\/agrarpetrovic.rs\/en\/wp-json\/wp\/v2\/product\/7173","targetHints":{"allow":["GET"]}}],"collection":[{"href":"https:\/\/agrarpetrovic.rs\/en\/wp-json\/wp\/v2\/product"}],"about":[{"href":"https:\/\/agrarpetrovic.rs\/en\/wp-json\/wp\/v2\/types\/product"}],"wp:featuredmedia":[{"embeddable":true,"href":"https:\/\/agrarpetrovic.rs\/en\/wp-json\/wp\/v2\/media\/7444"}],"wp:attachment":[{"href":"https:\/\/agrarpetrovic.rs\/en\/wp-json\/wp\/v2\/media?parent=7173"}],"wp:term":[{"taxonomy":"product_brand","embeddable":true,"href":"https:\/\/agrarpetrovic.rs\/en\/wp-json\/wp\/v2\/product_brand?post=7173"},{"taxonomy":"product_cat","embeddable":true,"href":"https:\/\/agrarpetrovic.rs\/en\/wp-json\/wp\/v2\/product_cat?post=7173"},{"taxonomy":"product_tag","embeddable":true,"href":"https:\/\/agrarpetrovic.rs\/en\/wp-json\/wp\/v2\/product_tag?post=7173"}],"curies":[{"name":"wp","href":"https:\/\/api.w.org\/{rel}","templated":true}]}}