{"id":7176,"date":"2025-05-18T22:52:51","date_gmt":"2025-05-18T20:52:51","guid":{"rendered":"https:\/\/agrarpetrovic.rs\/proizvod\/diziram-76-wg-ciram-760-g-kg-1-kg\/"},"modified":"2025-10-23T11:55:08","modified_gmt":"2025-10-23T09:55:08","slug":"diziram-76-wg-ciram-760-g-kg-1-kg","status":"publish","type":"product","link":"https:\/\/agrarpetrovic.rs\/en\/proizvod\/diziram-76-wg-ciram-760-g-kg-1-kg\/","title":{"rendered":"DIZIRAM 76 WG 1 kg &#8211; Fungicid"},"content":{"rendered":"<p><strong>Klasa<\/strong>: Fungicidi<\/p>\n<p><strong>Aktivne materije:<\/strong> Ciram<\/p>\n<p><strong>Proizvo\u0111a\u010d<\/strong>: Taminco BV<\/p>\n<p><strong>Formulacija<\/strong>: vododisperzibilne granule &#8211; WG<\/p>\n<p><strong>Delovanje<\/strong>: Ciram je nesistemi\u010dni fungicid iz grupe ditiokarbamata. Mehanizam njegovog delovanja se ogleda u inhibiciji disanja fitopatogenih gljiva, koje ne mogu da razvijaju rezistentnost na ovaj fungicid. Veoma je zna\u010dajno da se primeni preventivno i na taj na\u010din spre\u010di razvoj infekcije.<\/p>\n<p><strong>Karenca<\/strong>: 21 dan &#8211; jabuka, vi\u0161nja, breskva<\/p>\n<p><strong>Koncentracija<\/strong>: 0,2-0,3%<\/p>\n<p><strong>Primena<\/strong>: jabuka, vi\u0161nja, breskva<\/p>","protected":false},"excerpt":{"rendered":"<p>Nesistemi\u010dni fungicid sa protektivnim delovanjem za suzbijanje prouzrokova\u010da bolesti u vo\u0107arstvu<\/p>","protected":false},"featured_media":7433,"template":"","meta":[],"product_brand":[414],"product_cat":[415],"product_tag":[428],"class_list":{"0":"post-7176","1":"product","2":"type-product","3":"status-publish","4":"has-post-thumbnail","6":"product_brand-galenika","7":"product_cat-fungicidi-2","8":"product_tag-ciram","10":"first","11":"outofstock","12":"purchasable","13":"product-type-simple"},"_links":{"self":[{"href":"https:\/\/agrarpetrovic.rs\/en\/wp-json\/wp\/v2\/product\/7176","targetHints":{"allow":["GET"]}}],"collection":[{"href":"https:\/\/agrarpetrovic.rs\/en\/wp-json\/wp\/v2\/product"}],"about":[{"href":"https:\/\/agrarpetrovic.rs\/en\/wp-json\/wp\/v2\/types\/product"}],"wp:featuredmedia":[{"embeddable":true,"href":"https:\/\/agrarpetrovic.rs\/en\/wp-json\/wp\/v2\/media\/7433"}],"wp:attachment":[{"href":"https:\/\/agrarpetrovic.rs\/en\/wp-json\/wp\/v2\/media?parent=7176"}],"wp:term":[{"taxonomy":"product_brand","embeddable":true,"href":"https:\/\/agrarpetrovic.rs\/en\/wp-json\/wp\/v2\/product_brand?post=7176"},{"taxonomy":"product_cat","embeddable":true,"href":"https:\/\/agrarpetrovic.rs\/en\/wp-json\/wp\/v2\/product_cat?post=7176"},{"taxonomy":"product_tag","embeddable":true,"href":"https:\/\/agrarpetrovic.rs\/en\/wp-json\/wp\/v2\/product_tag?post=7176"}],"curies":[{"name":"wp","href":"https:\/\/api.w.org\/{rel}","templated":true}]}}