{"id":7178,"date":"2025-05-18T22:52:51","date_gmt":"2025-05-18T20:52:51","guid":{"rendered":"https:\/\/agrarpetrovic.rs\/proizvod\/duplex-pro-1-1\/"},"modified":"2025-10-23T11:55:08","modified_gmt":"2025-10-23T09:55:08","slug":"duplex-pro-1-1","status":"publish","type":"product","link":"https:\/\/agrarpetrovic.rs\/en\/proizvod\/duplex-pro-1-1\/","title":{"rendered":"Duplex PRO 1\/1 &#8211; Fungicid"},"content":{"rendered":"<p><strong>Klasa<\/strong>: Fungicidi<\/p>\n<p><strong>Aktivne materije:<\/strong> Protiokonazol + azoksistrobin<\/p>\n<p><strong>Proizvo\u0111a\u010d<\/strong>: GALENIKA-FITOFARMACIJA a.d.<\/p>\n<p><strong>Formulacija<\/strong>: koncentrovana suspenzija &#8211; SC<\/p>\n<p><strong>Delovanje<\/strong>: Protiokonazol je aktivna supstanca iz hemijske grupe triazolintiona, a prema FRAC kodu svrstana je u grupu inhibitora sinteze ergosterola u biljnim \u0107elijama (G1), gde usled spre\u010davanja demetilacije u C-14 dolazi do kolapsa \u0107eijskog zida i letalnosti patogena. Aktivna supstanca se odlikuje sistemi\u010dno\u0161\u0107u, ispoljava protektivno, kurativno i eradikativno delovanje. Biljke ga usvajaju li\u0161\u0107em i korenom, a u biljkama se kre\u0107e akropetalno. Ne postoji rizik od spiranja ki\u0161om jer se preparat brzo apsorbuje vegetativnim delovima biljke. Azoksistrobin je aktivna supstanca \u0161irokog spektra delovanja iz grupe strobilurina, podgrupe metoksi-akrilata (FRAC: C3). Ima protektivno i kurativno delovanje, koje se ispoljava u spre\u010davanju klijanja spora, rastu micelije i sporulaciji, \u0161to se posti\u017ee inhibicijom transporta elektrona u respiratornom lancu. Nakon primene obezbe\u0111uje kontaktno i sistemi\u010dno delovanje transportovanjem sprovodnim sistemom ksilemom i dugotrajno delovanje na prouzrokova\u010de bolesti.<\/p>\n<p><strong>Karenca<\/strong>:<\/p>\n<ul>\n<li>35 dana &#8211; p\u0161enica<\/li>\n<li>21 dan &#8211; \u0161e\u0107erna repa<\/li>\n<\/ul>\n<p><strong>Koncentracija<\/strong>: 0,8 l\/ha<\/p>\n<p><strong>Primena<\/strong>: p\u0161enica, \u0161e\u0107erna repa<\/p>","protected":false},"excerpt":{"rendered":"<p>Sistemi\u010dni fungicid sa protektivnim i kurativnim delovanjem namenjen za suzbijanje patogena u ratarstvu.<\/p>","protected":false},"featured_media":7682,"template":"","meta":[],"product_brand":[414],"product_cat":[415],"product_tag":[429],"class_list":{"0":"post-7178","1":"product","2":"type-product","3":"status-publish","4":"has-post-thumbnail","6":"product_brand-galenika","7":"product_cat-fungicidi-2","8":"product_tag-protiokonazol-azoksistrobin","10":"first","11":"outofstock","12":"purchasable","13":"product-type-simple"},"_links":{"self":[{"href":"https:\/\/agrarpetrovic.rs\/en\/wp-json\/wp\/v2\/product\/7178","targetHints":{"allow":["GET"]}}],"collection":[{"href":"https:\/\/agrarpetrovic.rs\/en\/wp-json\/wp\/v2\/product"}],"about":[{"href":"https:\/\/agrarpetrovic.rs\/en\/wp-json\/wp\/v2\/types\/product"}],"wp:featuredmedia":[{"embeddable":true,"href":"https:\/\/agrarpetrovic.rs\/en\/wp-json\/wp\/v2\/media\/7682"}],"wp:attachment":[{"href":"https:\/\/agrarpetrovic.rs\/en\/wp-json\/wp\/v2\/media?parent=7178"}],"wp:term":[{"taxonomy":"product_brand","embeddable":true,"href":"https:\/\/agrarpetrovic.rs\/en\/wp-json\/wp\/v2\/product_brand?post=7178"},{"taxonomy":"product_cat","embeddable":true,"href":"https:\/\/agrarpetrovic.rs\/en\/wp-json\/wp\/v2\/product_cat?post=7178"},{"taxonomy":"product_tag","embeddable":true,"href":"https:\/\/agrarpetrovic.rs\/en\/wp-json\/wp\/v2\/product_tag?post=7178"}],"curies":[{"name":"wp","href":"https:\/\/api.w.org\/{rel}","templated":true}]}}